{"id":60,"date":"2021-03-16T08:47:24","date_gmt":"2021-03-16T08:47:24","guid":{"rendered":"https:\/\/edublog.educastur.es\/rrrcifphosteleriayturismogijon\/?page_id=60"},"modified":"2021-04-26T11:11:16","modified_gmt":"2021-04-26T11:11:16","slug":"reutilizar","status":"publish","type":"page","link":"https:\/\/edublog.educastur.es\/rrrcifphosteleriayturismogijon\/reutilizar\/","title":{"rendered":"REUTILIZAR"},"content":{"rendered":"<p>Recoger\u00e1 las acciones realizadas para promover la re-utilizaci\u00f3n de residuos en el centro educativo.<\/p>\n<p>&nbsp;<\/p>\n<p><strong>Visitas a hoteles ecol\u00f3gicos que les aporten ideas para el futuro.<\/strong><\/p>\n<p><img loading=\"lazy\" decoding=\"async\" class=\"alignnone size-medium wp-image-122\" src=\"http:\/\/edublog.educastur.es\/rrrcifphosteleriayturismogijon\/files\/2021\/04\/7044C78C-8943-45CC-AC36-83E28CCB84F7-min-300x225.jpeg\" alt=\"\" width=\"300\" height=\"225\" srcset=\"https:\/\/edublog.educastur.es\/rrrcifphosteleriayturismogijon\/files\/2021\/04\/7044C78C-8943-45CC-AC36-83E28CCB84F7-min-300x225.jpeg 300w, https:\/\/edublog.educastur.es\/rrrcifphosteleriayturismogijon\/files\/2021\/04\/7044C78C-8943-45CC-AC36-83E28CCB84F7-min-1024x768.jpeg 1024w, https:\/\/edublog.educastur.es\/rrrcifphosteleriayturismogijon\/files\/2021\/04\/7044C78C-8943-45CC-AC36-83E28CCB84F7-min-768x576.jpeg 768w, https:\/\/edublog.educastur.es\/rrrcifphosteleriayturismogijon\/files\/2021\/04\/7044C78C-8943-45CC-AC36-83E28CCB84F7-min-1536x1152.jpeg 1536w, https:\/\/edublog.educastur.es\/rrrcifphosteleriayturismogijon\/files\/2021\/04\/7044C78C-8943-45CC-AC36-83E28CCB84F7-min-2048x1536.jpeg 2048w, https:\/\/edublog.educastur.es\/rrrcifphosteleriayturismogijon\/files\/2021\/04\/7044C78C-8943-45CC-AC36-83E28CCB84F7-min-600x450.jpeg 600w, https:\/\/edublog.educastur.es\/rrrcifphosteleriayturismogijon\/files\/2021\/04\/7044C78C-8943-45CC-AC36-83E28CCB84F7-min-945x709.jpeg 945w\" sizes=\"auto, (max-width: 300px) 100vw, 300px\" \/><\/p>\n<p>&nbsp;<\/p>\n<p><strong>Campa\u00f1as concienciadoras:\u00a0<\/strong><\/p>\n<p>&nbsp;<\/p>\n<p><img loading=\"lazy\" decoding=\"async\" class=\"alignnone size-medium wp-image-123\" src=\"http:\/\/edublog.educastur.es\/rrrcifphosteleriayturismogijon\/files\/2021\/04\/LOGO-3-2-300x261.jpg\" alt=\"\" width=\"300\" height=\"261\" srcset=\"https:\/\/edublog.educastur.es\/rrrcifphosteleriayturismogijon\/files\/2021\/04\/LOGO-3-2-300x261.jpg 300w, https:\/\/edublog.educastur.es\/rrrcifphosteleriayturismogijon\/files\/2021\/04\/LOGO-3-2.jpg 523w\" sizes=\"auto, (max-width: 300px) 100vw, 300px\" \/><\/p>\n<p>&nbsp;<\/p>\n<p><strong>Utilizar tu propio vaso:<\/strong><\/p>\n<p><img loading=\"lazy\" decoding=\"async\" class=\"alignnone size-medium wp-image-97\" src=\"http:\/\/edublog.educastur.es\/rrrcifphosteleriayturismogijon\/files\/2021\/04\/ABB5D86A-42C2-42B6-971E-888B2FEC0B8C-225x300.jpeg\" alt=\"\" width=\"225\" height=\"300\" srcset=\"https:\/\/edublog.educastur.es\/rrrcifphosteleriayturismogijon\/files\/2021\/04\/ABB5D86A-42C2-42B6-971E-888B2FEC0B8C-225x300.jpeg 225w, https:\/\/edublog.educastur.es\/rrrcifphosteleriayturismogijon\/files\/2021\/04\/ABB5D86A-42C2-42B6-971E-888B2FEC0B8C-768x1024.jpeg 768w, https:\/\/edublog.educastur.es\/rrrcifphosteleriayturismogijon\/files\/2021\/04\/ABB5D86A-42C2-42B6-971E-888B2FEC0B8C-600x800.jpeg 600w, https:\/\/edublog.educastur.es\/rrrcifphosteleriayturismogijon\/files\/2021\/04\/ABB5D86A-42C2-42B6-971E-888B2FEC0B8C-945x1260.jpeg 945w, https:\/\/edublog.educastur.es\/rrrcifphosteleriayturismogijon\/files\/2021\/04\/ABB5D86A-42C2-42B6-971E-888B2FEC0B8C.jpeg 1092w\" sizes=\"auto, (max-width: 225px) 100vw, 225px\" \/><\/p>\n<p><strong>Botellas rellenables:\u00a0<\/strong>Cada profesor trae la suya.<\/p>\n<p>&nbsp;<\/p>\n<p><img loading=\"lazy\" decoding=\"async\" class=\"alignnone size-medium wp-image-143\" src=\"http:\/\/edublog.educastur.es\/rrrcifphosteleriayturismogijon\/files\/2021\/04\/BotellasReutilizables_Medidas-300x200.jpg\" alt=\"\" width=\"300\" height=\"200\" srcset=\"https:\/\/edublog.educastur.es\/rrrcifphosteleriayturismogijon\/files\/2021\/04\/BotellasReutilizables_Medidas-300x200.jpg 300w, https:\/\/edublog.educastur.es\/rrrcifphosteleriayturismogijon\/files\/2021\/04\/BotellasReutilizables_Medidas-768x511.jpg 768w, https:\/\/edublog.educastur.es\/rrrcifphosteleriayturismogijon\/files\/2021\/04\/BotellasReutilizables_Medidas-600x400.jpg 600w, https:\/\/edublog.educastur.es\/rrrcifphosteleriayturismogijon\/files\/2021\/04\/BotellasReutilizables_Medidas-945x629.jpg 945w, https:\/\/edublog.educastur.es\/rrrcifphosteleriayturismogijon\/files\/2021\/04\/BotellasReutilizables_Medidas.jpg 1000w\" sizes=\"auto, (max-width: 300px) 100vw, 300px\" \/><\/p>\n<p><strong>Moldes reutilizables:<\/strong><\/p>\n<p>&nbsp;<\/p>\n<p><img loading=\"lazy\" decoding=\"async\" class=\"alignnone size-medium wp-image-144\" src=\"http:\/\/edublog.educastur.es\/rrrcifphosteleriayturismogijon\/files\/2021\/04\/molde_rectangular_28cm_00-300x220.jpg\" alt=\"\" width=\"300\" height=\"220\" srcset=\"https:\/\/edublog.educastur.es\/rrrcifphosteleriayturismogijon\/files\/2021\/04\/molde_rectangular_28cm_00-300x220.jpg 300w, https:\/\/edublog.educastur.es\/rrrcifphosteleriayturismogijon\/files\/2021\/04\/molde_rectangular_28cm_00-600x440.jpg 600w, https:\/\/edublog.educastur.es\/rrrcifphosteleriayturismogijon\/files\/2021\/04\/molde_rectangular_28cm_00.jpg 695w\" sizes=\"auto, (max-width: 300px) 100vw, 300px\" \/><\/p>\n<p><img loading=\"lazy\" decoding=\"async\" class=\"alignnone size-medium wp-image-145\" src=\"http:\/\/edublog.educastur.es\/rrrcifphosteleriayturismogijon\/files\/2021\/04\/71XC4LPa8FL._AC_SX466_-300x209.jpg\" alt=\"\" width=\"300\" height=\"209\" srcset=\"https:\/\/edublog.educastur.es\/rrrcifphosteleriayturismogijon\/files\/2021\/04\/71XC4LPa8FL._AC_SX466_-300x209.jpg 300w, https:\/\/edublog.educastur.es\/rrrcifphosteleriayturismogijon\/files\/2021\/04\/71XC4LPa8FL._AC_SX466_.jpg 466w\" sizes=\"auto, (max-width: 300px) 100vw, 300px\" \/><\/p>\n<p>&nbsp;<\/p>\n<p>&nbsp;<\/p>\n<p><strong>Mascarillas reutilizables<\/strong> dadas por la consejer\u00eda de educaci\u00f3n<\/p>\n<p><img loading=\"lazy\" decoding=\"async\" class=\"alignnone size-medium wp-image-146\" src=\"http:\/\/edublog.educastur.es\/rrrcifphosteleriayturismogijon\/files\/2021\/04\/20200916211854_mascarilla-300x169.jpg\" alt=\"\" width=\"300\" height=\"169\" srcset=\"https:\/\/edublog.educastur.es\/rrrcifphosteleriayturismogijon\/files\/2021\/04\/20200916211854_mascarilla-300x169.jpg 300w, https:\/\/edublog.educastur.es\/rrrcifphosteleriayturismogijon\/files\/2021\/04\/20200916211854_mascarilla-768x432.jpg 768w, https:\/\/edublog.educastur.es\/rrrcifphosteleriayturismogijon\/files\/2021\/04\/20200916211854_mascarilla-600x338.jpg 600w, https:\/\/edublog.educastur.es\/rrrcifphosteleriayturismogijon\/files\/2021\/04\/20200916211854_mascarilla.jpg 853w\" sizes=\"auto, (max-width: 300px) 100vw, 300px\" \/><\/p>\n","protected":false},"excerpt":{"rendered":"<p>Recoger\u00e1 las acciones realizadas para promover la re-utilizaci\u00f3n de residuos en el centro educativo. &nbsp; Visitas a hoteles ecol\u00f3gicos que les aporten ideas para el futuro. &nbsp; Campa\u00f1as concienciadoras:\u00a0 &nbsp; &nbsp; Utilizar tu propio vaso: Botellas rellenables:\u00a0Cada profesor trae la&#8230; <a class=\"more-link\" href=\"https:\/\/edublog.educastur.es\/rrrcifphosteleriayturismogijon\/reutilizar\/\">Seguir leyendo &rarr;<\/a><\/p>\n","protected":false},"author":634,"featured_media":0,"parent":0,"menu_order":0,"comment_status":"closed","ping_status":"closed","template":"","meta":{"footnotes":""},"class_list":["post-60","page","type-page","status-publish","hentry"],"_links":{"self":[{"href":"https:\/\/edublog.educastur.es\/rrrcifphosteleriayturismogijon\/wp-json\/wp\/v2\/pages\/60","targetHints":{"allow":["GET"]}}],"collection":[{"href":"https:\/\/edublog.educastur.es\/rrrcifphosteleriayturismogijon\/wp-json\/wp\/v2\/pages"}],"about":[{"href":"https:\/\/edublog.educastur.es\/rrrcifphosteleriayturismogijon\/wp-json\/wp\/v2\/types\/page"}],"author":[{"embeddable":true,"href":"https:\/\/edublog.educastur.es\/rrrcifphosteleriayturismogijon\/wp-json\/wp\/v2\/users\/634"}],"replies":[{"embeddable":true,"href":"https:\/\/edublog.educastur.es\/rrrcifphosteleriayturismogijon\/wp-json\/wp\/v2\/comments?post=60"}],"version-history":[{"count":9,"href":"https:\/\/edublog.educastur.es\/rrrcifphosteleriayturismogijon\/wp-json\/wp\/v2\/pages\/60\/revisions"}],"predecessor-version":[{"id":169,"href":"https:\/\/edublog.educastur.es\/rrrcifphosteleriayturismogijon\/wp-json\/wp\/v2\/pages\/60\/revisions\/169"}],"wp:attachment":[{"href":"https:\/\/edublog.educastur.es\/rrrcifphosteleriayturismogijon\/wp-json\/wp\/v2\/media?parent=60"}],"curies":[{"name":"wp","href":"https:\/\/api.w.org\/{rel}","templated":true}]}}