{"id":64,"date":"2021-03-16T08:47:46","date_gmt":"2021-03-16T08:47:46","guid":{"rendered":"https:\/\/edublog.educastur.es\/rrrcifphosteleriayturismogijon\/?page_id=64"},"modified":"2023-04-17T08:00:17","modified_gmt":"2023-04-17T08:00:17","slug":"rrr","status":"publish","type":"page","link":"https:\/\/edublog.educastur.es\/rrrcifphosteleriayturismogijon\/rrr\/","title":{"rendered":"RRR"},"content":{"rendered":"<p style=\"text-align: left\">Fases de una Auditor\u00eda de Residuos:<\/p>\n<p>Diagn\u00f3stico. Investigaci\u00f3n. Objetivos de mejora. Plan de acci\u00f3n. Seguimiento y\u00a0comunicaci\u00f3n. En este apartado se recoger\u00e1n las actividades de la ecoauditor\u00eda de residuos\u00a0realizadas por el centro.<\/p>\n<p>Durante el curso 2020\/2021 estamos volcados en el Plan de Acci\u00f3n.Todas las acciones que est\u00e1is viendo tienen como fin:<\/p>\n<p>\u21d2 Establecer un marco de referencia para el Desarrollo Sostenible de los centros educativos del Principado de Asturias, integrando todas las actividades \u00a0y criterios recogidos que se realizan en nuestro Cifp.<br \/>\n\u21d2 Establecer estrategias integradas que permitan el cumplimiento de los objetivos de una forma programada. Cada curso cambiamos y nos volcamos con nuevas actividades y con el nuevo alumnado.<br \/>\n\u21d2 Fomentar la participaci\u00f3n de la comunidad educativa en general ( familias, alumnado y profesorado ).<br \/>\n\u21d2 Crear una herramienta de trabajo \u00fatil a todo el profesorado fomentando y dando a conocer actividades de un tema transversal tan importante.<\/p>\n<p>\u21d2 Establecer prioridades de actuaci\u00f3n para la mejora continua de la calidad de vida de sus ciudadanos. La gran mayor\u00eda de nuestros ciclos afronta estos temas en sus programaciones.<\/p>\n<p>Por lo tanto, podemos definir<strong> el Plan de Acci\u00f3n Ambiental de Cifp<\/strong> en las siguientes etapas de actuaci\u00f3n:<\/p>\n<p>\u21d2<strong> Definici\u00f3n de L\u00edneas Estrat\u00e9gicas de Actuaci\u00f3n<\/strong>. A principios de curso establecemos una lluvia de ideas con el alumnado, en el que salen a relucir las necesidades m\u00e1s evidentes que sucede en el CIFP, y que, en principio suelen ser acciones a desarrollar para una mejora del desarrollo sostenible. Por ejemplo este a\u00f1o salieron a relucir, por una parte problemas que se ven en el centro educativo como la gran cantidad de colillas que hay en la puerta o la poca concienciaci\u00f3n que ten\u00edan ellos mismos.<br \/>\nPor otro lado, se plantean necesidades que ven en nuestro entorno como el problema de los pl\u00e1sticos, la cantidad de mascarillas que hay en el suelo o problemas para identificar d\u00f3nde se recicla ciertos productos como el aceite.<\/p>\n<p>\u21d2<strong> Creaci\u00f3n de un Programa de Actuaciones<\/strong><\/p>\n<p>Una vez definidos las\u00a0L\u00edneas Estrat\u00e9gicas, se ha de desarrollar y secuenciar las actividades encaminadas a conseguir los objetivos perseguidos en las mismas. El primer paso es su concreci\u00f3n en objetivos espec\u00edficos que, dentro de cada L\u00ednea Estrat\u00e9gica, dan lugar a Programas de Actuaci\u00f3n correspondientes.<br \/>\nDe esta manera, se definen los Programas de Actuaci\u00f3n que responden a cada uno de los diversos objetivos que pretende alcanzar una L\u00ednea Estrat\u00e9gica. A su vez, cada Programa agrupa distintas Acciones o Proyectos espec\u00edficos con un denominador com\u00fan. El hecho de que las acciones se agrupen por afinidades, permite fomentar la sinergia entre ellas.<\/p>\n<p><strong>\u21d2 Definici\u00f3n de las Acciones<\/strong><\/p>\n<p>Dentro de cada Programa de Actuaci\u00f3n, el Plan de Acci\u00f3n Ambiental contempla el establecimiento de una serie de Acciones o Proyectos espec\u00edficos.<br \/>\nLas Acciones son aquellos trabajos y actuaciones concretas a realizar para resolver las carencias e incidencias visualizadas en el Cifp y en nuestro entorno.<br \/>\nCada una de las Acciones recogidas en el presente Plan de Acci\u00f3n Ambiental, se desarrolla en una ficha, quedando s\u00ed claramente definidas y estableciendo un tiempo determinado.<\/p>\n<p>La estructura de la ficha \u00a0es la siguiente:<br \/>\nDescripci\u00f3n: breve resumen de la actuaci\u00f3n en concreto y los motivos por los que se plantea.<br \/>\nObjetivos: indicar el\/los objetivo\/s que se persiguen con la Acci\u00f3n.<br \/>\nGrupos implicados: alumnado y profesorado implicado en la ejecuci\u00f3n de la acci\u00f3n.<br \/>\nPeriodo de ejecuci\u00f3n: periodo de tiempo en que se ejecutar\u00e1 la actuaci\u00f3n. Normalmente lo organizamos para que coincida con la SEPR y con el concurso tem\u00e1tico organizado por Cogersa.<\/p>\n<p>Prioridad: grado de relevancia o urgencia en la realizaci\u00f3n de la actuaci\u00f3n, esta puede ser Alta, Media o Baja independientemente del Periodo de Ejecuci\u00f3n de la Acci\u00f3n. As\u00ed, se establecen las siguientes prioridades:<br \/>\n&#8211; Alta: prioridad m\u00e1xima.<br \/>\n&#8211; Media: prioridad intermedia.<br \/>\n&#8211; Baja: prioridad baja.<\/p>\n<p>En el caso de que sea media baja se puede dejar para cursos posteriores ( en el caso de que tengan pocas ideas)<\/p>\n<p>Sinergias: relaci\u00f3n con otras Acciones \u00a0y m\u00f3dulos contempladas en el Plan de Acci\u00f3n Ambiental.<br \/>\nEs decir, agrupando acciones y estableciendo contenidos que se dan en los ciclos del Cifp ( por ejemplo Seguridad e higiene en la manipulaci\u00f3n de alimentos, la cual tiene contemplado un trimestre para la educaci\u00f3n ambiental ).<\/p>\n<p>Estimaci\u00f3n econ\u00f3mica: estimaci\u00f3n del coste total de la Acci\u00f3n.<br \/>\nNormalmente utilizamos todos los recursos con el presupuesto del Cifp. Estos costes suelen ser peque\u00f1os pero quedan debidamente reflejados.<\/p>\n<p>ej. Huerto ecol\u00f3gico, donaci\u00f3n de galletas&#8230;<\/p>\n<p>Indicadores espec\u00edficos que permitan evaluar el grado de cumplimiento del objetivo propuesto para el programa de actuaci\u00f3n definido.<\/p>\n<p>Nos solemos basar en encuestas realizadas a nuestro alumnado.<\/p>\n<p>&nbsp;<\/p>\n<p><strong>\u21d2 Informaci\u00f3n A la comunidad educativa:<br \/>\n<\/strong>El desarrollo del Programa de Actuaciones y la elaboraci\u00f3n de las fichas de cada una de las Acciones propuestas, con el objetivo de asegurar la participaci\u00f3n del alumnado en todas y cada una de las fases se abre un periodo de informaci\u00f3n y comunicaci\u00f3n con el profesorado para que puedan informar de las distintas acciones. Adem\u00e1s, se comunica a trav\u00e9s del Instagram del centro educativo y el Teams (aplicaci\u00f3n recomendada por la Consejer\u00eda de Educaci\u00f3n)<\/p>\n<p>&nbsp;<\/p>\n<p><strong>\u21d2 Aprobaci\u00f3n y Ejecuci\u00f3n del Plan de Acci\u00f3n.<\/strong><\/p>\n<p>El \u00a0Plan de Acci\u00f3n Ambiental deber\u00e1 ser aprobado definitivamente por la direcci\u00f3n del Cifp de Hosteler\u00eda y Turismo, una vez aprobado por el programa de Reciclaje del centro educativo.<br \/>\nA partir del momento de aprobaci\u00f3n del Plan, el Programa de reciclaje utilizar\u00e1 los Indicadores de Sostenibilidad para llevar a cabo el Control y Seguimiento de los Programas definidos en el Plan de Acci\u00f3n Ambiental.<\/p>\n<p>&nbsp;<\/p>\n<p><strong>CONTENIDO DEL PLAN DE ACCI\u00d3N:<\/strong><\/p>\n<p>Las Acciones o proyectos del Plan de Acci\u00f3n Ambiental , se agrupan en TRES L\u00edneas Estrat\u00e9gicas que marcan los grandes objetivos a alcanzar, desarroll\u00e1ndose para ello una serie de Programas de Actuaci\u00f3n de los que se desprenden las Acciones concretas a realizar.<\/p>\n<p>&nbsp;<\/p>\n<ol>\n<li><strong>L\u00cdNEA ESTRAT\u00c9GICA: REDUCIR<\/strong><\/li>\n<\/ol>\n<p>La primera L\u00ednea Estrat\u00e9gica se planea con el objetivo de promover\u00a0tres pasos b\u00e1sicos para\u00a0<strong>disminuir la producci\u00f3n de residuos<\/strong>\u00a0y as\u00ed contribuir a la\u00a0<strong>protecci\u00f3n y conservaci\u00f3n del medio ambiente<\/strong>.<\/p>\n<p>Se plantea este programa de actuaci\u00f3n con el objetivo general de reducir, , destin\u00e1ndolo a la mejora del CIFP, facilitando a la comunidad educativa c\u00f3mo reducimos.<\/p>\n<p>1.1: Reducir: Todas estas acciones y por qu\u00e9 est\u00e1n planteadas en el presente blog.<\/p>\n<p>Acci\u00f3n 1.1 1 Usar papel reciclado<\/p>\n<p>Acci\u00f3n 1.1.2 Usar papel sucio para las notas<\/p>\n<p>Acci\u00f3n 1.1.3\u00a0 Llevar nuestra propia bolsa de pl\u00e1stico<\/p>\n<p>Acci\u00f3n 1.1.4 Trabajar el profesorado de compras con stock m\u00ednimo<\/p>\n<p>Acci\u00f3n 1.1.5 Imprimir lo estrictamente necesario<\/p>\n<p>Acci\u00f3n 1.1.6 Share point del centro<\/p>\n<p>Acci\u00f3n 1.1.7\u00a0 Campa\u00f1as concienciadoras<\/p>\n<p>Acci\u00f3n 1.1.8\u00a0 Compromisos con las asociaciones<\/p>\n<p>&nbsp;<\/p>\n<p><strong>2. L\u00cdNEA ESTRAT\u00c9GICA: RECICLAR<\/strong><\/p>\n<p>2.1 Reciclar: Al igual qu\u00e9 el anterior todas las acciones est\u00e1n planteadas en el presente blog:<\/p>\n<p>Acci\u00f3n 2.1 1 Utilizar correctamente los cubos<\/p>\n<p>Acci\u00f3n 2.1.2 A\u00f1adir a las programaciones contenidos rrr<\/p>\n<p>Acci\u00f3n 2.1.3\u00a0 Utilizar papel reciclado<\/p>\n<p>Acci\u00f3n 2.1.4\u00a0 Comprar vasos material reciclado<\/p>\n<p>&nbsp;<\/p>\n<p><strong>3. L\u00cdNEA ESTRAT\u00c9GICA:\u00a0 REUTILIZAR<\/strong><\/p>\n<p>3.1. Reutilizar. Os animo a visitar el apartado reutilizar del blog. No obstante, os las resumimos aqu\u00ed.<\/p>\n<p>Acci\u00f3n 3.1.1 Visitar instalaciones con ideas ecol\u00f3gicas<\/p>\n<p>Acci\u00f3n 3.1.2. Llevar a cabo campa\u00f1as concienciadoras.<\/p>\n<p>Acci\u00f3n 3.1.3 Utilizar tu propio vaso<\/p>\n<p>Acci\u00f3n 3.1.4. Utilizar botellas rellenables<\/p>\n<p>Acci\u00f3n 3.1.5 Utilizar moldes re-utilizables en las clases<\/p>\n<p>Acci\u00f3n 3.1.6 Llevar mascarillas re-utilizables<\/p>\n<p>&nbsp;<\/p>\n<p>Durante el curso 2021\/2022\u00a0 hemos seguid trabajando en el Plan de acci\u00f3n y Seguimiento y comunicaci\u00f3n. En este caso tras haber conseguido la <strong>certificaci\u00f3n BIOSPHERE.<\/strong><\/p>\n<p>Hemos logrado evidenciar el cumplimiento de las acciones de Biosphere Sustainable LifeStyle alineadas con los <strong>17 Objetivos de Desarrollo Sostenible de la Agenda 2030<\/strong> de<br \/>\nNaciones Unidas, hacer participar a los empleados en un proyecto com\u00fan y ser valorado positivamente por sus clientes.<\/p>\n<p><em>\u00bfC\u00f3mo lo hemos logrado? <\/em><\/p>\n<p>Entre sus l\u00edneas maestras, el centro busca la difusi\u00f3n de los valores de turismo sostenible entre el profesorado con la organizaci\u00f3n de grupos de trabajo y con el alumnado a trav\u00e9s de charlas y con su implicaci\u00f3n directa en diversas actividades; la participaci\u00f3n en acciones sociales y campa\u00f1as solidarias; el trabajo por la integraci\u00f3n social de colectivos a trav\u00e9s de la gastronom\u00eda local y regional; la optimizaci\u00f3n de los sistemas energ\u00e9ticos; difusi\u00f3n de la igualdad y la no violencia de G\u00e9nero a trav\u00e9s de la unidad de coordinaci\u00f3n\u00a0 especifica y la concienciaci\u00f3n sobre la importancia de la gesti\u00f3n y separaci\u00f3n de residuos y el consumo responsable.<\/p>\n<p>\u00bfCu\u00e1l es nuestra opini\u00f3n?<\/p>\n<p>Sabemos que el Centro Integrado de Formaci\u00f3n Profesional de Hosteler\u00eda y Turismo (CIFP) est\u00e1 de enhorabuena. El Instituto de Turismo Responsable le ha otorgado la certificaci\u00f3n Biosphere, que reconoce la gran implicaci\u00f3n del centro con entidades sociales, sus acciones dirigidas a la mejora de la calidad y su pol\u00edtica de cero residuos.<\/p>\n<p>Asimismo, la certificaci\u00f3n Biosphere reconoce la gran implicaci\u00f3n del centro con entidades sociales a trav\u00e9s la pol\u00edtica de cero residuos. Mar\u00eda Jos\u00e9 Fern\u00e1ndez, directora del CIFP de Hosteler\u00eda y Turismo y vocal de Asturias de FPEmpresa, explica: \u201cNuestra idea es integrar la educaci\u00f3n para la sostenibilidad en la cultura del centro\u201d.<\/p>\n<p>\u00bfC\u00f3mo trabajamos?<\/p>\n<p>El CIFP de Hosteler\u00eda y Turismo trabaja una metodolog\u00eda para garantizar la calidad y sostenibilidad de sus servicios. De esta forma, el centro adquiere una serie de habilidades basadas en los ODS de la ONU. \u201cSomos mucho m\u00e1s que un centro de formaci\u00f3n, nos comprometemos con las buenas pr\u00e1cticas y el respeto al medio ambiente. Adem\u00e1s, contamos con el certificado de calidad ISO 9001, EFQM y el compromiso de calidad tur\u00edstica SICTED\u201d, expone Fern\u00e1ndez.<\/p>\n<p>El centro busca la difusi\u00f3n de los valores de turismo sostenible entre el profesorado con grupos de trabajo y con el alumnado a trav\u00e9s de charlas y actividades. Entre las acciones destacadas del centro se encuentran colaboraciones con ONG como\u00a0<em>Un pan para Nepal<\/em>\u00a0y con bancos de alimentos como Albergue Covadonga.<\/p>\n<p>\u00bfCu\u00e1l es nuestro objetivo m\u00e1s pr\u00f3ximo?<\/p>\n<p>El CIFP de Hosteler\u00eda y Turismo considera que la certificaci\u00f3n Biosphere es un paso m\u00e1s en su trayectoria como centro sostenible. \u201cLa Educaci\u00f3n Ambiental es un proceso que dura toda la vida y tiene como objetivo impartir conciencia ambiental\u201d, expone Mar\u00eda Jos\u00e9 Fern\u00e1ndez. \u201cEn el futuro nos interesar\u00eda seguir avanzando e implementar la ISO 14001\u201d, concluye.<\/p>\n<p>\u00bfC\u00f3mo hacemos la comunicaci\u00f3n?<\/p>\n<p>Nuestro inter\u00e9s y objetivo ser\u00e1 hacerlo conocer no solo a la comunidad educativa, sino a todo el p\u00fablico en general. Se ha realizado entrevistas a diversas empresas para visibilizar el plan de acci\u00f3n.<\/p>\n<p>https:\/\/www.clubcalidad.com\/el-centro-integrado-de-fp-de-hosteleria-y-turismo-de-gijon-recibe-la-certificacion-biosphere\/<\/p>\n<blockquote class=\"wp-embedded-content\" data-secret=\"rUSoWm3QqQ\"><p><a href=\"https:\/\/fpempresa.net\/noticias\/el-cifp-de-hosteleria-y-turismo-de-gijon-obtiene-la-certificacion-biosphere\/\">El CIFP de Hosteler\u00eda y Turismo de Gij\u00f3n obtiene la certificaci\u00f3n Biosphere<\/a><\/p><\/blockquote>\n<p><iframe loading=\"lazy\" class=\"wp-embedded-content\" sandbox=\"allow-scripts\" security=\"restricted\" style=\"position: absolute; clip: rect(1px, 1px, 1px, 1px);\" title=\"\u00abEl CIFP de Hosteler\u00eda y Turismo de Gij\u00f3n obtiene la certificaci\u00f3n Biosphere\u00bb \u2014 FPEmpresa\" src=\"https:\/\/fpempresa.net\/noticias\/el-cifp-de-hosteleria-y-turismo-de-gijon-obtiene-la-certificacion-biosphere\/embed\/#?secret=rUSoWm3QqQ\" data-secret=\"rUSoWm3QqQ\" width=\"600\" height=\"338\" frameborder=\"0\" marginwidth=\"0\" marginheight=\"0\" scrolling=\"no\"><\/iframe><\/p>\n<p>&nbsp;<\/p>\n<p>Este curso 22-23 hemos ido m\u00e1s all\u00e1 y hemos preguntado a la comunidad educativa cu\u00e1l es la mejor manera de seguir mejorando en nuestro CIFP.<\/p>\n<p>Y aqu\u00ed ten\u00e9is los resultados. A partir de ellos, hemos elaborado las acciones que encontrar\u00e9is en el apartado RESUMEN.<\/p>\n<p><a href=\"https:\/\/www.canva.com\/design\/DAFRbwOjwU8\/yz3av4CZH4SFAaQRiV2ECg\/watch?utm_content=DAFRbwOjwU8&amp;utm_campaign=designshare&amp;utm_medium=link&amp;utm_source=publishsharelink\">INFOGRAF\u00cdA<\/a><\/p>\n<p>&nbsp;<\/p>\n<p>&nbsp;<\/p>\n<p>&nbsp;<\/p>\n<p>&nbsp;<\/p>\n<p>&nbsp;<\/p>\n<p>&nbsp;<\/p>\n<p>&nbsp;<\/p>\n","protected":false},"excerpt":{"rendered":"<p>Fases de una Auditor\u00eda de Residuos: Diagn\u00f3stico. Investigaci\u00f3n. Objetivos de mejora. Plan de acci\u00f3n. Seguimiento y\u00a0comunicaci\u00f3n. En este apartado se recoger\u00e1n las actividades de la ecoauditor\u00eda de residuos\u00a0realizadas por el centro. Durante el curso 2020\/2021 estamos volcados en el Plan&#8230; <a class=\"more-link\" href=\"https:\/\/edublog.educastur.es\/rrrcifphosteleriayturismogijon\/rrr\/\">Seguir leyendo &rarr;<\/a><\/p>\n","protected":false},"author":634,"featured_media":0,"parent":0,"menu_order":0,"comment_status":"closed","ping_status":"closed","template":"","meta":{"footnotes":""},"class_list":["post-64","page","type-page","status-publish","hentry"],"_links":{"self":[{"href":"https:\/\/edublog.educastur.es\/rrrcifphosteleriayturismogijon\/wp-json\/wp\/v2\/pages\/64","targetHints":{"allow":["GET"]}}],"collection":[{"href":"https:\/\/edublog.educastur.es\/rrrcifphosteleriayturismogijon\/wp-json\/wp\/v2\/pages"}],"about":[{"href":"https:\/\/edublog.educastur.es\/rrrcifphosteleriayturismogijon\/wp-json\/wp\/v2\/types\/page"}],"author":[{"embeddable":true,"href":"https:\/\/edublog.educastur.es\/rrrcifphosteleriayturismogijon\/wp-json\/wp\/v2\/users\/634"}],"replies":[{"embeddable":true,"href":"https:\/\/edublog.educastur.es\/rrrcifphosteleriayturismogijon\/wp-json\/wp\/v2\/comments?post=64"}],"version-history":[{"count":18,"href":"https:\/\/edublog.educastur.es\/rrrcifphosteleriayturismogijon\/wp-json\/wp\/v2\/pages\/64\/revisions"}],"predecessor-version":[{"id":268,"href":"https:\/\/edublog.educastur.es\/rrrcifphosteleriayturismogijon\/wp-json\/wp\/v2\/pages\/64\/revisions\/268"}],"wp:attachment":[{"href":"https:\/\/edublog.educastur.es\/rrrcifphosteleriayturismogijon\/wp-json\/wp\/v2\/media?parent=64"}],"curies":[{"name":"wp","href":"https:\/\/api.w.org\/{rel}","templated":true}]}}