{"id":5,"date":"2025-03-18T22:07:06","date_gmt":"2025-03-18T21:07:06","guid":{"rendered":"https:\/\/edublog.educastur.es\/selinaisabelsuarezalvarez\/?page_id=5"},"modified":"2026-03-19T10:34:29","modified_gmt":"2026-03-19T09:34:29","slug":"sobre-el-blog","status":"publish","type":"page","link":"https:\/\/edublog.educastur.es\/selinaisabelsuarezalvarez\/sobre-el-blog\/","title":{"rendered":"Sobre el blog"},"content":{"rendered":"<p>Soy Selina Su\u00e1rez, profesora de Lat\u00edn, El Legado Cl\u00e1sico y Cultura Cl\u00e1sica en el IES Carre\u00f1o Miranda de Avil\u00e9s.<\/p>\n<p><img loading=\"lazy\" decoding=\"async\" class=\" wp-image-6 alignleft\" src=\"http:\/\/edublog.educastur.es\/selinaisabelsuarezalvarez\/files\/2025\/03\/pexels-gonzalo-mendiola-95842233-176494031-200x300.jpg\" alt=\"\" width=\"204\" height=\"306\" srcset=\"https:\/\/edublog.educastur.es\/selinaisabelsuarezalvarez\/files\/2025\/03\/pexels-gonzalo-mendiola-95842233-176494031-200x300.jpg 200w, https:\/\/edublog.educastur.es\/selinaisabelsuarezalvarez\/files\/2025\/03\/pexels-gonzalo-mendiola-95842233-176494031-683x1024.jpg 683w, https:\/\/edublog.educastur.es\/selinaisabelsuarezalvarez\/files\/2025\/03\/pexels-gonzalo-mendiola-95842233-176494031-768x1152.jpg 768w, https:\/\/edublog.educastur.es\/selinaisabelsuarezalvarez\/files\/2025\/03\/pexels-gonzalo-mendiola-95842233-176494031-1024x1536.jpg 1024w, https:\/\/edublog.educastur.es\/selinaisabelsuarezalvarez\/files\/2025\/03\/pexels-gonzalo-mendiola-95842233-176494031.jpg 1280w\" sizes=\"auto, (max-width: 204px) 100vw, 204px\" \/><\/p>\n","protected":false},"excerpt":{"rendered":"<p>Soy Selina Su\u00e1rez, profesora de Lat\u00edn, El Legado Cl\u00e1sico y Cultura Cl\u00e1sica en el IES Carre\u00f1o Miranda de Avil\u00e9s.<\/p>\n","protected":false},"author":6864,"featured_media":6,"parent":0,"menu_order":0,"comment_status":"closed","ping_status":"closed","template":"","meta":{"footnotes":""},"class_list":["post-5","page","type-page","status-publish","has-post-thumbnail","hentry","with-featured-image"],"_links":{"self":[{"href":"https:\/\/edublog.educastur.es\/selinaisabelsuarezalvarez\/wp-json\/wp\/v2\/pages\/5","targetHints":{"allow":["GET"]}}],"collection":[{"href":"https:\/\/edublog.educastur.es\/selinaisabelsuarezalvarez\/wp-json\/wp\/v2\/pages"}],"about":[{"href":"https:\/\/edublog.educastur.es\/selinaisabelsuarezalvarez\/wp-json\/wp\/v2\/types\/page"}],"author":[{"embeddable":true,"href":"https:\/\/edublog.educastur.es\/selinaisabelsuarezalvarez\/wp-json\/wp\/v2\/users\/6864"}],"replies":[{"embeddable":true,"href":"https:\/\/edublog.educastur.es\/selinaisabelsuarezalvarez\/wp-json\/wp\/v2\/comments?post=5"}],"version-history":[{"count":5,"href":"https:\/\/edublog.educastur.es\/selinaisabelsuarezalvarez\/wp-json\/wp\/v2\/pages\/5\/revisions"}],"predecessor-version":[{"id":83,"href":"https:\/\/edublog.educastur.es\/selinaisabelsuarezalvarez\/wp-json\/wp\/v2\/pages\/5\/revisions\/83"}],"wp:featuredmedia":[{"embeddable":true,"href":"https:\/\/edublog.educastur.es\/selinaisabelsuarezalvarez\/wp-json\/wp\/v2\/media\/6"}],"wp:attachment":[{"href":"https:\/\/edublog.educastur.es\/selinaisabelsuarezalvarez\/wp-json\/wp\/v2\/media?parent=5"}],"curies":[{"name":"wp","href":"https:\/\/api.w.org\/{rel}","templated":true}]}}