{"id":46,"date":"2020-10-23T18:57:54","date_gmt":"2020-10-23T18:57:54","guid":{"rendered":"https:\/\/edublog.educastur.es\/severosexto\/?page_id=46"},"modified":"2022-09-02T18:40:25","modified_gmt":"2022-09-02T18:40:25","slug":"valores-civicos","status":"publish","type":"page","link":"https:\/\/edublog.educastur.es\/severosexto\/valores-civicos\/","title":{"rendered":"VALORES C\u00cdVICOS"},"content":{"rendered":"<div class=\"ReactModalPortal\"><strong>NUESTRA IDENTIDAD PERSONAL<\/strong><\/div>\n<div><\/div>\n<div class=\"ReactModalPortal\"><strong>LOS DERECHOS HUMANOS<\/strong><\/div>\n<p><a href=\"http:\/\/www.aventurafascinante.org\/\">Los derechos humanos, una aventura fascinante (juegos) <\/a><\/p>\n<p><strong>EDUCACI\u00d3N C\u00cdVICO &#8211; TRIBUTARIA<\/strong><\/p>\n<p><a href=\"https:\/\/www.agenciatributaria.es\/AEAT.educacion\/Alumnos_5_6_VT_es_ES.html\">Generaci\u00f3n T <\/a><\/p>\n<p><strong>PARTICIPACI\u00d3N Y CONFLICTOS<\/strong><\/p>\n<p><a href=\"http:\/\/youtu.be\/R_Y4zffJ2Gk\">Conflictos en el aula <\/a><\/p>\n<p><strong>LA JUSTICIA, LAS NORMAS Y LAS LEYES<\/strong><\/p>\n<p>&nbsp;<\/p>\n","protected":false},"excerpt":{"rendered":"<p>NUESTRA IDENTIDAD PERSONAL LOS DERECHOS HUMANOS Los derechos humanos, una aventura fascinante (juegos) EDUCACI\u00d3N C\u00cdVICO &#8211; TRIBUTARIA Generaci\u00f3n T PARTICIPACI\u00d3N Y CONFLICTOS Conflictos en el aula LA JUSTICIA, LAS NORMAS Y LAS LEYES &nbsp;<\/p>\n","protected":false},"author":477,"featured_media":0,"parent":0,"menu_order":0,"comment_status":"closed","ping_status":"closed","template":"","meta":{"footnotes":""},"class_list":["post-46","page","type-page","status-publish","hentry"],"_links":{"self":[{"href":"https:\/\/edublog.educastur.es\/severosexto\/wp-json\/wp\/v2\/pages\/46","targetHints":{"allow":["GET"]}}],"collection":[{"href":"https:\/\/edublog.educastur.es\/severosexto\/wp-json\/wp\/v2\/pages"}],"about":[{"href":"https:\/\/edublog.educastur.es\/severosexto\/wp-json\/wp\/v2\/types\/page"}],"author":[{"embeddable":true,"href":"https:\/\/edublog.educastur.es\/severosexto\/wp-json\/wp\/v2\/users\/477"}],"replies":[{"embeddable":true,"href":"https:\/\/edublog.educastur.es\/severosexto\/wp-json\/wp\/v2\/comments?post=46"}],"version-history":[{"count":14,"href":"https:\/\/edublog.educastur.es\/severosexto\/wp-json\/wp\/v2\/pages\/46\/revisions"}],"predecessor-version":[{"id":140,"href":"https:\/\/edublog.educastur.es\/severosexto\/wp-json\/wp\/v2\/pages\/46\/revisions\/140"}],"wp:attachment":[{"href":"https:\/\/edublog.educastur.es\/severosexto\/wp-json\/wp\/v2\/media?parent=46"}],"curies":[{"name":"wp","href":"https:\/\/api.w.org\/{rel}","templated":true}]}}