{"id":8,"date":"2023-02-15T12:40:40","date_gmt":"2023-02-15T12:40:40","guid":{"rendered":"https:\/\/edublog.educastur.es\/susanaheviaquiros\/?page_id=8"},"modified":"2023-02-15T15:58:05","modified_gmt":"2023-02-15T15:58:05","slug":"sobre-el-blog","status":"publish","type":"page","link":"https:\/\/edublog.educastur.es\/susanaheviaquiros\/sobre-el-blog\/","title":{"rendered":"Sobre el blog"},"content":{"rendered":"<p>Bienvenidos y bienvenidas a esta nueva aventura, que ha comenzado en el mes de febrero de 2023.<\/p>\n<p>A lo largo de las pr\u00f3ximas semanas y meses iremos adquiriendo los conocimientos y herramientas b\u00e1sicas para el desarrollo de nuestra competencia digital que nos ayudar\u00e1n en nuestra pr\u00e1ctica docente y administrativas.<\/p>\n<p>Despu\u00e9s de un primer acercamiento al \u00e1rea 1, centrada en el Compromiso profesional as\u00ed como en los aspectos m\u00e1s relevantes de la misma, actualmente desarrollaremos diversas actividades referidas al \u00c1rea 2, sobre la creaci\u00f3n e intercambio de contenidos educativos digitales.<\/p>\n<p><img loading=\"lazy\" decoding=\"async\" class=\"aligncenter size-full\" src=\"https:\/\/mirrors.creativecommons.org\/presskit\/buttons\/88x31\/png\/by-nc-sa.eu.png\" width=\"403\" height=\"141\" \/><\/p>\n<p>&nbsp;<\/p>\n<p>&nbsp;<\/p>\n","protected":false},"excerpt":{"rendered":"<p>Bienvenidos y bienvenidas a esta nueva aventura, que ha comenzado en el mes de febrero de 2023. A lo largo de las pr\u00f3ximas semanas y meses iremos adquiriendo los conocimientos y herramientas b\u00e1sicas para el desarrollo de nuestra competencia digital que nos ayudar\u00e1n en nuestra pr\u00e1ctica docente y administrativas. Despu\u00e9s de un primer acercamiento al [&hellip;]<\/p>\n","protected":false},"author":454,"featured_media":0,"parent":0,"menu_order":0,"comment_status":"closed","ping_status":"closed","template":"","meta":{"footnotes":""},"class_list":["post-8","page","type-page","status-publish","hentry","post-preview"],"_links":{"self":[{"href":"https:\/\/edublog.educastur.es\/susanaheviaquiros\/wp-json\/wp\/v2\/pages\/8","targetHints":{"allow":["GET"]}}],"collection":[{"href":"https:\/\/edublog.educastur.es\/susanaheviaquiros\/wp-json\/wp\/v2\/pages"}],"about":[{"href":"https:\/\/edublog.educastur.es\/susanaheviaquiros\/wp-json\/wp\/v2\/types\/page"}],"author":[{"embeddable":true,"href":"https:\/\/edublog.educastur.es\/susanaheviaquiros\/wp-json\/wp\/v2\/users\/454"}],"replies":[{"embeddable":true,"href":"https:\/\/edublog.educastur.es\/susanaheviaquiros\/wp-json\/wp\/v2\/comments?post=8"}],"version-history":[{"count":5,"href":"https:\/\/edublog.educastur.es\/susanaheviaquiros\/wp-json\/wp\/v2\/pages\/8\/revisions"}],"predecessor-version":[{"id":63,"href":"https:\/\/edublog.educastur.es\/susanaheviaquiros\/wp-json\/wp\/v2\/pages\/8\/revisions\/63"}],"wp:attachment":[{"href":"https:\/\/edublog.educastur.es\/susanaheviaquiros\/wp-json\/wp\/v2\/media?parent=8"}],"curies":[{"name":"wp","href":"https:\/\/api.w.org\/{rel}","templated":true}]}}