{"id":2,"date":"2021-01-09T16:51:13","date_gmt":"2021-01-09T16:51:13","guid":{"rendered":"https:\/\/edublog.educastur.es\/tizas\/?page_id=2"},"modified":"2021-01-14T21:07:03","modified_gmt":"2021-01-14T21:07:03","slug":"pagina-ejemplo","status":"publish","type":"page","link":"https:\/\/edublog.educastur.es\/tizas\/","title":{"rendered":"Punto de partida"},"content":{"rendered":"\r\n<p>Este el punto de partida de este blog.<\/p>\r\n<p><strong>Entre tizas y otras cosas<\/strong> es un proyecto que pretende recopilar materiales que se trabajan en el aula (<em>En el pupitre<\/em>), promover la seguridad digital desde el punto de vista de usuarios de dispositivos y redes (<em>Bajo el paraguas<\/em>), recopilar infograf\u00edas y manuales sencillos de inform\u00e1tica para andar por casa pero que hagan m\u00e1s amigables las m\u00e1quinas para aquellos que les tienen tanta tirria (<em>BIT a BIT<\/em>), ayudar a los alumnos a estudiar, eso que cuesta tanto porque supone esfuerzo, h\u00e1bito, fuerza de voluntad&#8230;pero que no queda m\u00e1s remedio que asumir si queremos resultados (<em>Con l\u00e1piz y papel<\/em>), acercar lecturas a nuestros ni\u00f1os que les lleven a imaginar, vivir aventuras, aprender&#8230; (<em>En un pa\u00eds muy lejano<\/em>) y&#8230; tambi\u00e9n un poco de todo aquello que considere interesante para compartir (<em>Miscel\u00e1nea<\/em>).<\/p>\r\n<p>Entre tizas y otras cosas ir\u00e1 poco a poco creciendo con la ayuda de todos. Podr\u00e9is comentar cada uno de los art\u00edculos y as\u00ed entre todos iremos haciendo un espacio nuestro: entre tizas y otras cosas.<\/p>\r\n","protected":false},"excerpt":{"rendered":"<p>Este el punto de partida de este blog. Entre tizas y otras cosas es un proyecto que pretende recopilar materiales que se trabajan en el aula (En el pupitre), promover la seguridad digital desde el punto de vista de usuarios&#8230; <a class=\"more-link\" href=\"https:\/\/edublog.educastur.es\/tizas\/\">Seguir leyendo &rarr;<\/a><\/p>\n","protected":false},"author":659,"featured_media":0,"parent":0,"menu_order":0,"comment_status":"closed","ping_status":"open","template":"","meta":{"footnotes":""},"class_list":["post-2","page","type-page","status-publish","hentry"],"_links":{"self":[{"href":"https:\/\/edublog.educastur.es\/tizas\/wp-json\/wp\/v2\/pages\/2","targetHints":{"allow":["GET"]}}],"collection":[{"href":"https:\/\/edublog.educastur.es\/tizas\/wp-json\/wp\/v2\/pages"}],"about":[{"href":"https:\/\/edublog.educastur.es\/tizas\/wp-json\/wp\/v2\/types\/page"}],"author":[{"embeddable":true,"href":"https:\/\/edublog.educastur.es\/tizas\/wp-json\/wp\/v2\/users\/659"}],"replies":[{"embeddable":true,"href":"https:\/\/edublog.educastur.es\/tizas\/wp-json\/wp\/v2\/comments?post=2"}],"version-history":[{"count":6,"href":"https:\/\/edublog.educastur.es\/tizas\/wp-json\/wp\/v2\/pages\/2\/revisions"}],"predecessor-version":[{"id":58,"href":"https:\/\/edublog.educastur.es\/tizas\/wp-json\/wp\/v2\/pages\/2\/revisions\/58"}],"wp:attachment":[{"href":"https:\/\/edublog.educastur.es\/tizas\/wp-json\/wp\/v2\/media?parent=2"}],"curies":[{"name":"wp","href":"https:\/\/api.w.org\/{rel}","templated":true}]}}