{"id":1136,"date":"2020-10-04T20:24:30","date_gmt":"2020-10-04T18:24:30","guid":{"rendered":"https:\/\/edublog.educastur.es\/unamusicadecine\/?page_id=1136"},"modified":"2024-01-02T21:33:41","modified_gmt":"2024-01-02T19:33:41","slug":"buzon-de-sugerencias","status":"publish","type":"page","link":"https:\/\/edublog.educastur.es\/unamusicadecine\/buzon-de-sugerencias\/","title":{"rendered":"BUZ\u00d3N DE SUGERENCIAS"},"content":{"rendered":"<p><img decoding=\"async\" class=\"n3VNCb aligncenter\" src=\"https:\/\/sigificadoyorigen.files.wordpress.com\/2010\/06\/buzon.jpg\" alt=\"VENDER UN BUZ\u00d3N | Significado y Origen de Expresiones Famosas\" data-noaft=\"1\" \/><\/p>\n<div class=\"entry\">\n<p style=\"text-align: justify\"><span style=\"font-family: arial, helvetica, sans-serif\">En este espacio pod\u00e9is comentar cualquier sugerencia en relaci\u00f3n al blog, y en la medida en que se pueda, se incluir\u00e1n vuestras aportaciones:<br \/>\n<\/span><\/p>\n<ul>\n<li><span style=\"font-family: arial, helvetica, sans-serif\">Nueva banda sonora<\/span><\/li>\n<li><span style=\"font-family: arial, helvetica, sans-serif\">Nueva categor\u00eda<\/span><\/li>\n<li><span style=\"font-family: arial, helvetica, sans-serif\">Nuevas partituras que os gustar\u00eda tocar,&#8230;<\/span><\/li>\n<\/ul>\n<p><span style=\"font-family: arial, helvetica, sans-serif\">\u00a0Cualquier sugerencia que teng\u00e1is en relaci\u00f3n al blog ser\u00e1 bienvenida.<\/span><\/p>\n<p><img loading=\"lazy\" decoding=\"async\" class=\"alignnone  wp-image-8274\" src=\"http:\/\/edublog.educastur.es\/unamusicadecine\/files\/2024\/01\/Nos-vemos-en-el-blog-150x150.jpeg\" alt=\"\" width=\"198\" height=\"198\" srcset=\"https:\/\/edublog.educastur.es\/unamusicadecine\/files\/2024\/01\/Nos-vemos-en-el-blog-150x150.jpeg 150w, https:\/\/edublog.educastur.es\/unamusicadecine\/files\/2024\/01\/Nos-vemos-en-el-blog-85x85.jpeg 85w\" sizes=\"auto, (max-width: 198px) 100vw, 198px\" \/><\/p>\n<\/div>\n","protected":false},"excerpt":{"rendered":"<p>En este espacio pod\u00e9is comentar cualquier sugerencia en relaci\u00f3n al blog, y en la medida en que se pueda, se incluir\u00e1n vuestras aportaciones: Nueva banda sonora Nueva categor\u00eda Nuevas partituras que os gustar\u00eda tocar,&#8230; \u00a0Cualquier sugerencia que teng\u00e1is en relaci\u00f3n al blog ser\u00e1 bienvenida.<\/p>\n","protected":false},"author":334,"featured_media":0,"parent":0,"menu_order":0,"comment_status":"open","ping_status":"open","template":"","meta":{"footnotes":""},"class_list":["post-1136","page","type-page","status-publish","hentry"],"_links":{"self":[{"href":"https:\/\/edublog.educastur.es\/unamusicadecine\/wp-json\/wp\/v2\/pages\/1136","targetHints":{"allow":["GET"]}}],"collection":[{"href":"https:\/\/edublog.educastur.es\/unamusicadecine\/wp-json\/wp\/v2\/pages"}],"about":[{"href":"https:\/\/edublog.educastur.es\/unamusicadecine\/wp-json\/wp\/v2\/types\/page"}],"author":[{"embeddable":true,"href":"https:\/\/edublog.educastur.es\/unamusicadecine\/wp-json\/wp\/v2\/users\/334"}],"replies":[{"embeddable":true,"href":"https:\/\/edublog.educastur.es\/unamusicadecine\/wp-json\/wp\/v2\/comments?post=1136"}],"version-history":[{"count":8,"href":"https:\/\/edublog.educastur.es\/unamusicadecine\/wp-json\/wp\/v2\/pages\/1136\/revisions"}],"predecessor-version":[{"id":8277,"href":"https:\/\/edublog.educastur.es\/unamusicadecine\/wp-json\/wp\/v2\/pages\/1136\/revisions\/8277"}],"wp:attachment":[{"href":"https:\/\/edublog.educastur.es\/unamusicadecine\/wp-json\/wp\/v2\/media?parent=1136"}],"curies":[{"name":"wp","href":"https:\/\/api.w.org\/{rel}","templated":true}]}}