{"id":1445,"date":"2020-11-11T11:32:41","date_gmt":"2020-11-11T09:32:41","guid":{"rendered":"https:\/\/edublog.educastur.es\/unamusicadecine\/?page_id=1445"},"modified":"2022-01-29T14:43:50","modified_gmt":"2022-01-29T12:43:50","slug":"adivina-adivinanza","status":"publish","type":"page","link":"https:\/\/edublog.educastur.es\/unamusicadecine\/adivina-adivinanza\/","title":{"rendered":"ADIVINA, ADIVINANZA,&#8230;"},"content":{"rendered":"<p align=\"justify\"><img loading=\"lazy\" decoding=\"async\" class=\"alignleft\" src=\"https:\/\/image.jimcdn.com\/app\/cms\/image\/transf\/dimension=165x10000:format=gif\/path\/s94ad174ffb51f312\/image\/i6f893aecb18d01cf\/version\/1487294932\/image.gif\" width=\"196\" height=\"236\" \/><\/p>\n<p align=\"justify\"><span style=\"font-family: arial,helvetica,sans-serif\">Bienvenidos a esta categor\u00eda del blog. Vais a convertiros en unos expertos en m\u00fasica y cine!!!!!!<\/span><\/p>\n<p style=\"text-align: justify\" align=\"justify\"><span style=\"font-family: arial,helvetica,sans-serif\">El objetivo de esta\u00a0 secci\u00f3n, es que a partir de una imagen, un v\u00eddeo, una melod\u00eda,\u2026 identifiqu\u00e9is al compositor, la pel\u00edcula o cualquier otro dato que os pida en relaci\u00f3n con el tema, de esta forma vosotros tambi\u00e9n ser\u00e9is unos aut\u00e9nticos detectives.<\/span><\/p>\n<p style=\"text-align: justify\" align=\"justify\"><span style=\"font-family: arial,helvetica,sans-serif\"><img loading=\"lazy\" decoding=\"async\" class=\"wp-image-1304 alignright\" src=\"http:\/\/edublog.educastur.es\/unamusicadecine\/files\/2020\/10\/09A9FD38-1EB2-446F-9329-0F1BAFBAB4DC-150x150.jpeg\" alt=\"\" width=\"150\" height=\"150\" \/><strong>Pincha<\/strong> debajo donde ir\u00e1n apareciendo cada una de las actividades y sube en el podio del ganador!!!!!!!! <\/span><\/p>\n<p style=\"text-align: justify\" align=\"justify\"><span style=\"font-family: arial,helvetica,sans-serif\">A investigar!!<strong><img loading=\"lazy\" decoding=\"async\" class=\"alignnone size-thumbnail wp-image-5785\" src=\"http:\/\/edublog.educastur.es\/unamusicadecine\/files\/2022\/01\/avatar-150x150.png\" alt=\"\" width=\"150\" height=\"150\" \/><\/strong><\/span><\/p>\n<p><span style=\"font-family: arial,helvetica,sans-serif\">Empieza la cuenta atr\u00e1s!!!!<\/span><\/p>\n<p align=\"justify\"><img loading=\"lazy\" decoding=\"async\" class=\"alignleft\" src=\"https:\/\/s-media-cache-ak0.pinimg.com\/originals\/20\/0d\/f6\/200df69b45799488caf67cde08cd1f53.gif\" width=\"329\" height=\"156\" \/><\/p>\n<p>&nbsp;<\/p>\n<p>&nbsp;<\/p>\n<p>&nbsp;<\/p>\n<p>&nbsp;<\/p>\n<p>&nbsp;<\/p>\n<ul>\n<li><a href=\"https:\/\/edublog.educastur.es\/unamusicadecine\/2020\/11\/16\/actividad-1-adivina-adivinanza\/\"><span style=\"color: #0000ff\"><strong>ACTIVIDAD 1. ADIVINA, ADIVINANZA,&#8230;<\/strong><\/span><\/a><\/li>\n<\/ul>\n","protected":false},"excerpt":{"rendered":"<p>Bienvenidos a esta categor\u00eda del blog. Vais a convertiros en unos expertos en m\u00fasica y cine!!!!!! El objetivo de esta\u00a0 secci\u00f3n, es que a partir de una imagen, un v\u00eddeo, una melod\u00eda,\u2026 identifiqu\u00e9is al compositor, la pel\u00edcula o cualquier otro dato que os pida en relaci\u00f3n con el tema, de esta forma vosotros tambi\u00e9n ser\u00e9is [&hellip;]<\/p>\n","protected":false},"author":334,"featured_media":0,"parent":0,"menu_order":0,"comment_status":"open","ping_status":"open","template":"","meta":{"footnotes":""},"class_list":["post-1445","page","type-page","status-publish","hentry"],"_links":{"self":[{"href":"https:\/\/edublog.educastur.es\/unamusicadecine\/wp-json\/wp\/v2\/pages\/1445","targetHints":{"allow":["GET"]}}],"collection":[{"href":"https:\/\/edublog.educastur.es\/unamusicadecine\/wp-json\/wp\/v2\/pages"}],"about":[{"href":"https:\/\/edublog.educastur.es\/unamusicadecine\/wp-json\/wp\/v2\/types\/page"}],"author":[{"embeddable":true,"href":"https:\/\/edublog.educastur.es\/unamusicadecine\/wp-json\/wp\/v2\/users\/334"}],"replies":[{"embeddable":true,"href":"https:\/\/edublog.educastur.es\/unamusicadecine\/wp-json\/wp\/v2\/comments?post=1445"}],"version-history":[{"count":22,"href":"https:\/\/edublog.educastur.es\/unamusicadecine\/wp-json\/wp\/v2\/pages\/1445\/revisions"}],"predecessor-version":[{"id":6118,"href":"https:\/\/edublog.educastur.es\/unamusicadecine\/wp-json\/wp\/v2\/pages\/1445\/revisions\/6118"}],"wp:attachment":[{"href":"https:\/\/edublog.educastur.es\/unamusicadecine\/wp-json\/wp\/v2\/media?parent=1445"}],"curies":[{"name":"wp","href":"https:\/\/api.w.org\/{rel}","templated":true}]}}