{"id":61,"date":"2020-09-08T12:51:00","date_gmt":"2020-09-08T12:51:00","guid":{"rendered":"https:\/\/edublog.educastur.es\/unamusicadecine\/?page_id=61"},"modified":"2025-11-27T10:11:11","modified_gmt":"2025-11-27T08:11:11","slug":"compositors","status":"publish","type":"page","link":"https:\/\/edublog.educastur.es\/unamusicadecine\/compositors\/","title":{"rendered":"COMPOSITOR@S"},"content":{"rendered":"<p align=\"justify\"><img loading=\"lazy\" decoding=\"async\" class=\"aligncenter\" src=\"http:\/\/4.bp.blogspot.com\/-Gx4g1wXRrYc\/T90ivZZS9pI\/AAAAAAAAFek\/SMLsuEpWpV8\/s1600\/Film+Score+-+Top+40+Composers.jpg\" width=\"600\" height=\"360\" \/><\/p>\n<p align=\"justify\"><span style=\"font-family: arial, helvetica, sans-serif\">\u00bfQui\u00e9nes son es@s compositor@s que crean la maravillosa m\u00fasica de cine? Ellos y ellas son los art\u00edfices de las grandes melod\u00edas que nos hacen llorar, reir, so\u00f1ar,&#8230; <img loading=\"lazy\" decoding=\"async\" class=\"alignright\" src=\"http:\/\/1.bp.blogspot.com\/-HoLwB4s4yKg\/UBWOaizD3lI\/AAAAAAAAit0\/-jdhVOIAPXI\/s320\/cine_musica.jpg\" width=\"292\" height=\"309\" align=\"right\" \/><\/span><\/p>\n<p align=\"justify\"><span style=\"font-family: arial, helvetica, sans-serif\">Aqu\u00ed ir\u00e1 apareciendo una recopilaci\u00f3n de grandes compositor@s de cine.<\/span><\/p>\n<p align=\"justify\"><span style=\"font-family: arial, helvetica, sans-serif\">Para saber m\u00e1s sobre ellos, solo tendr\u00e1s que <b>pinchar en cada imagen.<\/b><\/span><\/p>\n<p>&nbsp;<\/p>\n<p>&nbsp;<\/p>\n<ul>\n<li><span style=\"color: #0000ff;font-family: arial, helvetica, sans-serif\"><b>JAMES HORNER<\/b><\/span><\/li>\n<\/ul>\n<p><a href=\"https:\/\/edublog.educastur.es\/unamusicadecine\/2020\/09\/26\/james-horner\/\"><img loading=\"lazy\" decoding=\"async\" class=\"alignnone\" src=\"http:\/\/allscreens.weebly.com\/uploads\/1\/0\/3\/9\/10393598\/published\/339391518.jpg?1592698325\" width=\"453\" height=\"362\" \/><\/a><\/p>\n<ul>\n<li><span style=\"font-family: arial, helvetica, sans-serif\"><b><span style=\"color: #0000ff\">ALAN SILVESTRI<\/span><\/b><\/span><\/li>\n<\/ul>\n<p><a href=\"http:\/\/edublog.educastur.es\/unamusicadecine\/2020\/09\/26\/alan-silvestri\/\"><img loading=\"lazy\" decoding=\"async\" class=\"size-thumbnail alignnone\" src=\"https:\/\/image.slidesharecdn.com\/alansilvestri-180427105755\/95\/alan-silvestri-1-638.jpg?cb=1524826728\" width=\"453\" height=\"340\" \/><\/a><\/p>\n<ul>\n<li><span style=\"color: #0000ff;font-family: arial, helvetica, sans-serif\"><b>MICHAEL GIACCHINO<\/b><\/span><\/li>\n<\/ul>\n<p><a href=\"https:\/\/edublog.educastur.es\/unamusicadecine\/2020\/09\/26\/michael-giacchino\/\"><img loading=\"lazy\" decoding=\"async\" class=\"size-thumbnail alignnone\" src=\"https:\/\/screenradar.com\/wp-content\/uploads\/2020\/11\/Giachinno.jpg\" width=\"458\" height=\"240\" \/><\/a><\/p>\n<ul>\n<li><span style=\"color: #0000ff;font-family: arial, helvetica, sans-serif\"><b>JAMES NEWTON HOWARD<\/b><\/span><\/li>\n<\/ul>\n<p><a href=\"https:\/\/edublog.educastur.es\/unamusicadecine\/2020\/09\/27\/james-newton-howard\/\" target=\"_blank\" rel=\"noopener noreferrer\"><img loading=\"lazy\" decoding=\"async\" class=\"alignnone\" src=\"https:\/\/encrypted-tbn0.gstatic.com\/images?q=tbn:ANd9GcQs6xcknkJ3r5ymJSkUuJOLkfRthVKGSI7K5J72VrcLdFfPzT97\" alt=\"\" width=\"490\" height=\"246\" \/><\/a><\/p>\n<ul>\n<li><span style=\"font-family: arial, helvetica, sans-serif\"><b><span style=\"color: #0000ff\">JERRY GOLDSMITH<\/span><\/b><\/span><\/li>\n<\/ul>\n<p><a href=\"https:\/\/edublog.educastur.es\/unamusicadecine\/2020\/09\/27\/jerry-goldsmith\/\"><img loading=\"lazy\" decoding=\"async\" class=\"alignnone\" src=\"https:\/\/www.venezuelasinfonica.com\/wp-content\/uploads\/2015\/04\/Jerry-Goldsmith.jpg\" width=\"484\" height=\"341\" \/><\/a><\/p>\n<ul>\n<li><span style=\"font-family: arial, helvetica, sans-serif\"><b><span style=\"color: #0000ff\">JOE HISAISHI<\/span><\/b><\/span><\/li>\n<\/ul>\n<p><a href=\"https:\/\/edublog.educastur.es\/unamusicadecine\/2020\/09\/27\/joe-hisaishi\/\" target=\"_blank\" rel=\"noopener noreferrer\"><img loading=\"lazy\" decoding=\"async\" class=\"alignnone\" src=\"http:\/\/2.bp.blogspot.com\/-baVLLRkSBqs\/UMOFmkPFUxI\/AAAAAAAAB2I\/MibJQsvAIdA\/s1600\/joe+hisaishi.bmp\" alt=\"\" width=\"490\" height=\"216\" \/><\/a><\/p>\n<ul>\n<li><span style=\"font-family: arial, helvetica, sans-serif\"><b><span style=\"color: #0000ff\">ENNIO MORRICONE<\/span><\/b><\/span><\/li>\n<\/ul>\n<p><a href=\"https:\/\/edublog.educastur.es\/unamusicadecine\/2020\/09\/27\/670\/\"><img loading=\"lazy\" decoding=\"async\" class=\"alignnone\" src=\"http:\/\/cinescopia.com\/wp-content\/uploads\/2015\/04\/La-batuta-de-Morricone.jpg\" alt=\"\" width=\"375\" height=\"380\" \/><\/a><\/p>\n<ul>\n<li><span style=\"font-family: arial, helvetica, sans-serif\"><b><span style=\"color: #0000ff\">HENRY MANCINI<\/span><\/b><\/span><\/li>\n<\/ul>\n<p><a href=\"https:\/\/edublog.educastur.es\/unamusicadecine\/2020\/09\/27\/henry-mancini-bandas-sonoras-con-glamour\/\"><img loading=\"lazy\" decoding=\"async\" class=\"alignnone\" src=\"https:\/\/images.eil.com\/large_image\/HENRY_MANCINI_GREAT%2BMUSIC%2BFROM%2BTHE%2BMOVIES-290225.jpg\" width=\"372\" height=\"388\" \/><\/a><\/p>\n<ul>\n<li><span style=\"font-family: arial, helvetica, sans-serif\"><b><span style=\"color: #0000ff\">ALBERTO IGLESIAS<\/span><\/b><\/span><\/li>\n<\/ul>\n<p><a href=\"https:\/\/laurahdezvigil.wixsite.com\/albertoiglesias\" target=\"_blank\" rel=\"noopener noreferrer\"><img loading=\"lazy\" decoding=\"async\" class=\"alignnone\" src=\"https:\/\/i.ytimg.com\/vi\/UuDwxYOAHzM\/maxresdefault.jpg\" width=\"450\" height=\"254\" \/><\/a><\/p>\n<ul>\n<li><span style=\"color: #0000ff;font-family: arial, helvetica, sans-serif\"><b>WILLIAMS VERSUS ZIMMER<\/b><\/span><\/li>\n<\/ul>\n<p><a href=\"https:\/\/edublog.educastur.es\/unamusicadecine\/2020\/09\/27\/williams-versus-zimmer\/\" target=\"_blank\" rel=\"noopener noreferrer\"><img loading=\"lazy\" decoding=\"async\" class=\"alignnone\" src=\"https:\/\/i.ytimg.com\/vi\/nIcou7ymI-4\/maxresdefault.jpg\" alt=\"\" width=\"450\" height=\"253\" \/><\/a><\/p>\n<ul>\n<li><span style=\"color: #0000ff\"><b><span style=\"font-family: arial, helvetica, sans-serif\">HOWARD SHORE<\/span><br \/>\n<\/b><\/span><\/li>\n<\/ul>\n<p><a href=\"https:\/\/edublog.educastur.es\/unamusicadecine\/2020\/09\/27\/682\/\" target=\"_blank\" rel=\"noopener noreferrer\"><img loading=\"lazy\" decoding=\"async\" class=\"alignnone\" src=\"https:\/\/i.ytimg.com\/vi\/zuTSIbHDLAg\/maxresdefault.jpg\" alt=\"\" width=\"438\" height=\"247\" \/><\/a><\/p>\n<ul>\n<li><span style=\"color: #0000ff;font-family: arial, helvetica, sans-serif\"><b>ALAN MENKEN<\/b><\/span><\/li>\n<\/ul>\n<p><a href=\"https:\/\/edublog.educastur.es\/unamusicadecine\/2020\/09\/27\/alan-menken-el-mago-de-los-musicales\/\"><img loading=\"lazy\" decoding=\"async\" class=\"alignnone\" src=\"https:\/\/musicadecomedia.files.wordpress.com\/2015\/04\/cap.jpg?w=640\" alt=\"Pap\u00e1, mam\u00e1, me gusta Alan Menken \u2013 M\u00daSICA DE COMEDIA Y CABARET\" width=\"439\" height=\"265\" \/><\/a><\/p>\n<ul>\n<li><span style=\"font-family: arial, helvetica, sans-serif\"><b><span style=\"color: #0000ff\">ALEXANDRE DESPLAT<\/span><\/b><\/span><\/li>\n<\/ul>\n<p><a href=\"https:\/\/edublog.educastur.es\/unamusicadecine\/2020\/09\/28\/alexandre-desplat-ano-de-premios\/\" target=\"_blank\" rel=\"noopener noreferrer\"><img loading=\"lazy\" decoding=\"async\" class=\"alignnone\" src=\"https:\/\/i2.wp.com\/www.love4musicals.com\/wp-content\/uploads\/2016\/11\/desplat.jpg?resize=350%2C200&amp;ssl=1\" width=\"443\" height=\"252\" \/><\/a><\/p>\n<ul>\n<li><span style=\"color: #0000ff;font-family: arial, helvetica, sans-serif\"><b>COMPOSITORAS DE CINE<\/b><\/span><\/li>\n<\/ul>\n<p><a href=\"https:\/\/edublog.educastur.es\/unamusicadecine\/2020\/09\/28\/grandes-mujeres-de-la-musica-de-cine\/\"><img loading=\"lazy\" decoding=\"async\" class=\"alignnone\" src=\"https:\/\/www.decultomagazine.com\/wp-content\/uploads\/2017\/11\/Mujeres-compositores-542x402.jpg\" width=\"447\" height=\"332\" \/><\/a><\/p>\n<ul>\n<li><span style=\"font-family: arial, helvetica, sans-serif\"><b><span style=\"color: #0000ff\">HILDUR GUONADOTTIR<\/span><\/b><\/span><\/li>\n<\/ul>\n<p><a href=\"https:\/\/edublog.educastur.es\/unamusicadecine\/2020\/09\/28\/hildur-gudnadottir\/\" target=\"_blank\" rel=\"noopener noreferrer\"><img loading=\"lazy\" decoding=\"async\" class=\"alignnone\" src=\"https:\/\/www.beartai.com\/wp-content\/uploads\/2019\/10\/JOKER.jpg\" alt=\"\" width=\"450\" height=\"252\" \/><\/a><\/p>\n<blockquote>\n<ul>\n<li><span style=\"font-family: arial, helvetica, sans-serif\"><b><span style=\"color: #0000ff\">JOHN POWELL<\/span><\/b><\/span><\/li>\n<\/ul>\n<\/blockquote>\n<p><a href=\"https:\/\/edublog.educastur.es\/unamusicadecine\/2020\/09\/26\/la-banda-sonora-de-la-trilogia-del-dragon\/\" target=\"_blank\" rel=\"noopener noreferrer\"><img loading=\"lazy\" decoding=\"async\" class=\"alignnone\" src=\"https:\/\/mundobso.files.wordpress.com\/2017\/09\/powell.jpg?w=1000\" alt=\"\" width=\"450\" height=\"253\" \/><\/a><\/p>\n<ul>\n<li><span style=\"color: #0000ff;font-family: arial, helvetica, sans-serif\"><b>BRUNO COULAIS<\/b><\/span><\/li>\n<\/ul>\n<p><a href=\"https:\/\/edublog.educastur.es\/unamusicadecine\/2021\/01\/27\/wolfwalkers-la-magia-de-la-animacion-y-de-la-musica-de-bruno-coulais\/\"><img loading=\"lazy\" decoding=\"async\" class=\"alignnone \" src=\"https:\/\/www.buscaletras.com\/photos\/artists\/max\/bruno-coulais.jpg\" width=\"352\" height=\"397\" \/><\/a><\/p>\n<ul>\n<li><strong><span style=\"font-family: arial, helvetica, sans-serif;color: #0000ff\">BILL CONTI<\/span><\/strong><\/li>\n<\/ul>\n<p><a href=\"https:\/\/edublog.educastur.es\/unamusicadecine\/2020\/09\/23\/rocky-una-banda-sonora-con-garra\/\"><img loading=\"lazy\" decoding=\"async\" class=\"alignnone\" src=\"https:\/\/encrypted-tbn0.gstatic.com\/images?q=tbn:ANd9GcS7owibxuXiuOYEJORp9X_nl5DQmSBfdXApdw&amp;usqp=CAU\" width=\"356\" height=\"356\" \/><\/a><\/p>\n<ul>\n<li><strong><span style=\"font-family: arial, helvetica, sans-serif;color: #0000ff\">ANT\u00d3N GARC\u00cdA ABRIL<\/span><\/strong><\/li>\n<\/ul>\n<p><a href=\"https:\/\/edublog.educastur.es\/unamusicadecine\/2021\/03\/18\/homenaje-a-un-gran-maestro-y-compositor-anton-garcia-abril\/\"><img loading=\"lazy\" decoding=\"async\" class=\"alignnone \" src=\"https:\/\/i.ytimg.com\/vi\/RziDpk2U9KE\/sddefault.jpg\" width=\"416\" height=\"312\" \/><\/a><\/p>\n<ul>\n<li><strong><span style=\"font-family: arial, helvetica, sans-serif;color: #0000ff\">GUSTAVO SANTAOLALLA<\/span><\/strong><\/li>\n<\/ul>\n<p><a href=\"https:\/\/edublog.educastur.es\/unamusicadecine\/2021\/09\/27\/gustavo-santaolalla-aterriza-en-asturias\/\"><img loading=\"lazy\" decoding=\"async\" class=\"alignnone \" src=\"http:\/\/www.suturart.com\/wp-content\/uploads\/2020\/04\/Santaolalla_Positive-745x414.jpg\" width=\"450\" height=\"250\" \/><\/a><\/p>\n<ul>\n<li><span style=\"color: #0000ff\"><strong><span style=\"font-family: arial, helvetica, sans-serif\">VANGELIS<\/span><\/strong><\/span><\/li>\n<\/ul>\n<p><a href=\"https:\/\/edublog.educastur.es\/unamusicadecine\/2022\/05\/23\/ultimo-adios-a-vangelis-el-genio-griego-de-los-teclados-y-creador-de-epicas-bandas-sonoras\/\"><img loading=\"lazy\" decoding=\"async\" class=\"\" src=\"https:\/\/cdn.computerhoy.com\/sites\/navi.axelspringer.es\/public\/media\/image\/2022\/05\/fallece-vangelis-mitico-compositor-blade-runner-carros-fuego-otros-clasicos-2706943.jpg\" alt=\"\" width=\"462\" height=\"260\" \/><\/a><\/p>\n<ul style=\"list-style-type: disc\">\n<li><span style=\"color: #0000ff\"><strong><span style=\"font-family: arial, helvetica, sans-serif\">RANDY NEWMAN<\/span><\/strong><\/span><\/li>\n<\/ul>\n<p><a href=\"https:\/\/edublog.educastur.es\/unamusicadecine\/2024\/01\/08\/randy-newman\/\"><img loading=\"lazy\" decoding=\"async\" class=\"\" src=\"https:\/\/i.redd.it\/ei6rb3fj1ri41.jpg\" alt=\"\" width=\"525\" height=\"240\" \/><\/a><\/p>\n<p style=\"text-align: center\"><span style=\"color: #ff0000\"><strong><span style=\"text-decoration: underline\"><span style=\"font-family: arial, helvetica, sans-serif\">ACTIVIDAD BLOG. 1\u00ba ESO<\/span> <img loading=\"lazy\" decoding=\"async\" class=\"alignnone wp-image-8224\" src=\"http:\/\/edublog.educastur.es\/unamusicadecine\/files\/2023\/12\/D4ADBE8B-56BF-4B9F-AF53-59B44CB25317-300x300.png\" alt=\"\" width=\"146\" height=\"146\" srcset=\"https:\/\/edublog.educastur.es\/unamusicadecine\/files\/2023\/12\/D4ADBE8B-56BF-4B9F-AF53-59B44CB25317-300x300.png 300w, https:\/\/edublog.educastur.es\/unamusicadecine\/files\/2023\/12\/D4ADBE8B-56BF-4B9F-AF53-59B44CB25317-150x150.png 150w, https:\/\/edublog.educastur.es\/unamusicadecine\/files\/2023\/12\/D4ADBE8B-56BF-4B9F-AF53-59B44CB25317-85x85.png 85w, https:\/\/edublog.educastur.es\/unamusicadecine\/files\/2023\/12\/D4ADBE8B-56BF-4B9F-AF53-59B44CB25317.png 398w\" sizes=\"auto, (max-width: 146px) 100vw, 146px\" \/><br \/>\n<\/span><\/strong><\/span><\/p>\n<p style=\"text-align: justify\"><span style=\"font-family: arial, helvetica, sans-serif\"><strong>Elige uno de los compositores de la p\u00e1gina y contesta a las 4 primeras preguntas en la libreta,\u00a0 la \u00faltima, la har\u00e1s en el blog y si es correcta ser\u00e1 publicada:<\/strong><\/span><\/p>\n<ol>\n<li style=\"text-align: justify\"><span style=\"font-family: arial, helvetica, sans-serif\"><strong>Realiza una peque\u00f1a biograf\u00eda del compositor. Puedes ampliar la informaci\u00f3n del post en las p\u00e1ginas de \u00abBiograf\u00edas y vidas\u00bb\/\u00bbBiografias.es\/ \u00abEcured\u00bb.<\/strong><\/span><\/li>\n<li style=\"text-align: justify\"><span style=\"font-family: arial, helvetica, sans-serif\"><strong>Enumera las bandas sonoras sobre dicho compositor que aparecen en el post.<\/strong><\/span><\/li>\n<li style=\"text-align: justify\"><span style=\"font-family: arial, helvetica, sans-serif\"><strong>Explica por qu\u00e9 lo has elegido.<\/strong><\/span><\/li>\n<li style=\"text-align: justify\"><span style=\"font-family: arial, helvetica, sans-serif\"><strong>Visiona los v\u00eddeos que aparecen en el post, elige la banda sonora que m\u00e1s te haya gustado y describe las emociones que te transmite la m\u00fasica en cada una de ellas.<br \/>\n<\/strong><\/span><\/li>\n<li style=\"text-align: justify\"><span style=\"font-family: arial, helvetica, sans-serif\"><strong>En el blog deber\u00e1s enviar un comentario sobre lo que te ha aportado hacer esta actividad. <span style=\"text-decoration: underline\">Solo ser\u00e1 publicado<\/span>\u00a0 si no tiene faltas de ortograf\u00eda y presenta una redacci\u00f3n correcta.<\/strong><\/span><\/li>\n<li style=\"text-align: justify\"><strong><span style=\"font-family: arial, helvetica, sans-serif;color: #0000ff\">ACTIVIDAD OPCIONAL: Si realizas un cartel del compositor que has elegido (fotos, pel\u00edculas, datos biogr\u00e1ficos,&#8230;) ser\u00e1 puesto en clase en nuestro rinc\u00f3n de cine y puntuar\u00e1 positivamente en la evaluaci\u00f3n.<\/span><\/strong><\/li>\n<\/ol>\n<p>&nbsp;<\/p>\n","protected":false},"excerpt":{"rendered":"<p>\u00bfQui\u00e9nes son es@s compositor@s que crean la maravillosa m\u00fasica de cine? Ellos y ellas son los art\u00edfices de las grandes melod\u00edas que nos hacen llorar, reir, so\u00f1ar,&#8230; Aqu\u00ed ir\u00e1 apareciendo una recopilaci\u00f3n de grandes compositor@s de cine. Para saber m\u00e1s sobre ellos, solo tendr\u00e1s que pinchar en cada imagen. &nbsp; &nbsp; JAMES HORNER ALAN SILVESTRI [&hellip;]<\/p>\n","protected":false},"author":334,"featured_media":0,"parent":0,"menu_order":0,"comment_status":"open","ping_status":"closed","template":"","meta":{"footnotes":""},"class_list":["post-61","page","type-page","status-publish","hentry"],"_links":{"self":[{"href":"https:\/\/edublog.educastur.es\/unamusicadecine\/wp-json\/wp\/v2\/pages\/61","targetHints":{"allow":["GET"]}}],"collection":[{"href":"https:\/\/edublog.educastur.es\/unamusicadecine\/wp-json\/wp\/v2\/pages"}],"about":[{"href":"https:\/\/edublog.educastur.es\/unamusicadecine\/wp-json\/wp\/v2\/types\/page"}],"author":[{"embeddable":true,"href":"https:\/\/edublog.educastur.es\/unamusicadecine\/wp-json\/wp\/v2\/users\/334"}],"replies":[{"embeddable":true,"href":"https:\/\/edublog.educastur.es\/unamusicadecine\/wp-json\/wp\/v2\/comments?post=61"}],"version-history":[{"count":80,"href":"https:\/\/edublog.educastur.es\/unamusicadecine\/wp-json\/wp\/v2\/pages\/61\/revisions"}],"predecessor-version":[{"id":9117,"href":"https:\/\/edublog.educastur.es\/unamusicadecine\/wp-json\/wp\/v2\/pages\/61\/revisions\/9117"}],"wp:attachment":[{"href":"https:\/\/edublog.educastur.es\/unamusicadecine\/wp-json\/wp\/v2\/media?parent=61"}],"curies":[{"name":"wp","href":"https:\/\/api.w.org\/{rel}","templated":true}]}}