{"id":65,"date":"2020-09-08T12:53:02","date_gmt":"2020-09-08T12:53:02","guid":{"rendered":"https:\/\/edublog.educastur.es\/unamusicadecine\/?page_id=65"},"modified":"2026-02-05T19:06:35","modified_gmt":"2026-02-05T17:06:35","slug":"musicales","status":"publish","type":"page","link":"https:\/\/edublog.educastur.es\/unamusicadecine\/musicales\/","title":{"rendered":"MUSICALES"},"content":{"rendered":"<p><img loading=\"lazy\" decoding=\"async\" class=\"alignnone\" src=\"http:\/\/3.bp.blogspot.com\/_zZFxA4FYGsM\/SOYvA0AHucI\/AAAAAAAAAB8\/dZjPk4hCYQ4\/S1600-R\/posterblog2.bmp\" width=\"669\" height=\"503\" \/><\/p>\n<p style=\"text-align: justify\"><span style=\"font-family: arial, helvetica, sans-serif\">En este post del blog van a aparecer diferentes pel\u00edculas musicales seg\u00fan mis preferencias y tambi\u00e9n las de los alumnos. Sin duda, el cine musical es un g\u00e9nero que no deja indiferente a nadie. Me gustar\u00eda acercar un poco m\u00e1s a todos, al apasionante mundo de los musicales.<\/span><\/p>\n<p><span style=\"font-family: arial, helvetica, sans-serif\"><b>Pinchad<\/b>\u00a0<b>en los distintos carteles de las pel\u00edculas<\/b> y disfrutad con su m\u00fasica!!!!!!<\/span><\/p>\n<ul>\n<li><b>\u00a0<span style=\"color: #0000ff;font-family: arial, helvetica, sans-serif\">FANTAS\u00cdA<\/span><\/b><\/li>\n<\/ul>\n<p><a href=\"https:\/\/edublog.educastur.es\/unamusicadecine\/2020\/09\/21\/un-mundo-de-fantasia\/\" target=\"_blank\" rel=\"noopener noreferrer\"><img loading=\"lazy\" decoding=\"async\" class=\"alignnone\" src=\"http:\/\/3.bp.blogspot.com\/-Dc5QJRTrqHE\/TYebbIuRaII\/AAAAAAAABZg\/N5dBauSXejk\/s1600\/Fantasia_-_El_Clasico_Original_-_Edicion_Especial_por_ogiser_%255Bdvd%255D_80%255B1%255D.jpg\" alt=\"\" width=\"264\" height=\"264\" \/><\/a><\/p>\n<ul>\n<li>\u00a0<span style=\"font-family: arial, helvetica, sans-serif\"><b>\u00a0<span style=\"color: #0000ff\">EL REY LE\u00d3N<\/span><\/b><\/span><\/li>\n<\/ul>\n<p><a href=\"https:\/\/edublog.educastur.es\/unamusicadecine\/2020\/09\/21\/el-rey-leon\/\"><img loading=\"lazy\" decoding=\"async\" class=\"n3VNCb alignnone\" src=\"https:\/\/es.web.img2.acsta.net\/medias\/nmedia\/18\/68\/20\/31\/19785394.jpg\" alt=\"El Rey Le\u00f3n - Pel\u00edcula 1994 - SensaCine.com\" width=\"264\" height=\"378\" data-noaft=\"1\" \/><\/a><\/p>\n<ul>\n<li><span style=\"font-family: arial, helvetica, sans-serif\">\u00a0<b><span style=\"color: #0000ff\">GREASE<\/span><\/b><\/span><\/li>\n<\/ul>\n<p><a href=\"https:\/\/edublog.educastur.es\/unamusicadecine\/2020\/09\/21\/vamos-a-bailar-con-grease\/\"><img loading=\"lazy\" decoding=\"async\" class=\"alignnone \" src=\"https:\/\/images-na.ssl-images-amazon.com\/images\/I\/91e59%2BB9mhL._SY445_.jpg\" width=\"264\" height=\"358\" \/><\/a><\/p>\n<ul>\n<li><span style=\"font-family: arial, helvetica, sans-serif\"><b><span style=\"color: #0000ff\">FLASHDANCE<\/span><\/b><\/span><\/li>\n<\/ul>\n<p><span style=\"font-family: arial, helvetica, sans-serif\"><a href=\"https:\/\/edublog.educastur.es\/unamusicadecine\/2020\/09\/21\/flashdance\/\"><img loading=\"lazy\" decoding=\"async\" class=\"alignnone\" src=\"http:\/\/4.bp.blogspot.com\/-G7N37Q6FWU4\/TpXu10YknyI\/AAAAAAAAFY4\/wyucgJrfcnk\/s1600\/48dab529a025e2e3572ff42d515a2596eb51ccc8.jpg\" alt=\"\" width=\"264\" height=\"264\" \/><\/a><\/span><\/p>\n<ul>\n<li><span style=\"color: #0000ff;font-family: arial, helvetica, sans-serif\"><b>LOS MISERABLES<\/b><\/span><\/li>\n<\/ul>\n<p><span style=\"font-family: arial, helvetica, sans-serif\"><a href=\"https:\/\/edublog.educastur.es\/unamusicadecine\/2020\/09\/21\/los-miserables\/\"><img loading=\"lazy\" decoding=\"async\" class=\"alignnone\" src=\"https:\/\/www.elseptimoarte.net\/carteles\/341\/los_miserables_15949.jpg\" alt=\"\" width=\"264\" height=\"264\" \/><\/a><\/span><\/p>\n<ul>\n<li><span style=\"font-family: arial, helvetica, sans-serif\">\u00a0<span style=\"color: #0000ff\"><b>PICHT PERFECT<\/b><\/span><\/span><\/li>\n<\/ul>\n<p><a href=\"https:\/\/edublog.educastur.es\/unamusicadecine\/2020\/09\/22\/el-baile-del-vaso-pitch-perfect\/\"><img loading=\"lazy\" decoding=\"async\" src=\"https:\/\/1.bp.blogspot.com\/-zxlUTMWPX6U\/XvDijnBRN6I\/AAAAAAAAAF0\/E4RydMzm5HQOwC8hBX4TkdzxpAVKUyuHACK4BGAsYHg\/s600\/1.jpg\" alt=\"\" width=\"264\" height=\"352\" \/><\/a><\/p>\n<ul>\n<li><span style=\"color: #0000ff;font-family: arial, helvetica, sans-serif\"><b>DIRTY DANCING<\/b><\/span><\/li>\n<\/ul>\n<p><span style=\"font-family: arial, helvetica, sans-serif\"><a href=\"https:\/\/edublog.educastur.es\/unamusicadecine\/2020\/09\/27\/a-bailar-con-dirty-dancing\/\" target=\"_blank\" rel=\"noopener noreferrer\"><img loading=\"lazy\" decoding=\"async\" class=\"alignnone\" src=\"http:\/\/es.web.img1.acsta.net\/medias\/nmedia\/18\/67\/90\/40\/20148171.jpg\" alt=\"\" width=\"264\" height=\"264\" \/><\/a><\/span><\/p>\n<ul>\n<li><span style=\"font-family: arial, helvetica, sans-serif\">\u00a0<span style=\"color: #0000ff\"><b>WEST SIDE STORY<br \/>\n<\/b><\/span><\/span><\/li>\n<\/ul>\n<p><span style=\"font-family: arial, helvetica, sans-serif\"><a href=\"https:\/\/edublog.educastur.es\/unamusicadecine\/2020\/09\/23\/la-obra-maestra-de-robert-wise-west-side-story\/\"><img loading=\"lazy\" decoding=\"async\" class=\"alignnone\" src=\"http:\/\/images1.wikia.nocookie.net\/__cb20111225200211\/es-glee\/es\/images\/4\/40\/West-side-story.jpg\" alt=\"\" width=\"264\" height=\"264\" \/><\/a><\/span><\/p>\n<ul>\n<li><span style=\"color: #0000ff;font-family: arial, helvetica, sans-serif\"><b>OLIVER<\/b><\/span><\/li>\n<\/ul>\n<p><a href=\"https:\/\/edublog.educastur.es\/unamusicadecine\/2020\/09\/23\/oliver-un-gran-musical\/\"><img loading=\"lazy\" decoding=\"async\" class=\"\" src=\"https:\/\/th.bing.com\/th\/id\/R.c43fed94a17133ac04f1a8de0ae89c0c?rik=TRsNJbSbn3IOhg&amp;riu=http%3a%2f%2fwww.tanecnifilm.cz%2fmedia%2ftt0063385-poster.jpg&amp;ehk=WEhKr3UQu7m9aOIZI2qJQLkkr773uYGE6VxbUPxi39U%3d&amp;risl=&amp;pid=ImgRaw&amp;r=0\" alt=\"\" width=\"264\" height=\"396\" \/><\/a><\/p>\n<ul>\n<li><span style=\"color: #0000ff;font-family: arial, helvetica, sans-serif\"><b>CANTANDO BAJO LA LLUVIA<br \/>\n<\/b><\/span><\/li>\n<\/ul>\n<p><span style=\"font-family: arial, helvetica, sans-serif\"><a href=\"https:\/\/edublog.educastur.es\/unamusicadecine\/2020\/09\/23\/cantando-bajo-la-lluvia-el-musical-numero-1\/\" target=\"_blank\" rel=\"noopener noreferrer\"><img loading=\"lazy\" decoding=\"async\" class=\"alignnone\" src=\"https:\/\/encrypted-tbn3.google.com\/images?q=tbn:ANd9GcQDmPa8jkNHRcZWiG4CnFFghwbQcV6Vifx2_IHc1oRYgEtiRWVF\" alt=\"\" width=\"264\" height=\"264\" \/><\/a><\/span><\/p>\n<ul>\n<li><span style=\"font-family: arial, helvetica, sans-serif\">\u00a0<span style=\"color: #0000ff\"><b>MAMMA M\u00cdA!<\/b><\/span><\/span><\/li>\n<\/ul>\n<p><span style=\"font-family: arial, helvetica, sans-serif\"><a href=\"https:\/\/edublog.educastur.es\/unamusicadecine\/2020\/09\/24\/un-musical-para-disfrutar-mamma-mia\/\" target=\"_blank\" rel=\"noopener noreferrer\"><img loading=\"lazy\" decoding=\"async\" class=\"alignnone\" src=\"https:\/\/images-na.ssl-images-amazon.com\/images\/M\/MV5BMTA2MDU0MjM0MzReQTJeQWpwZ15BbWU3MDYwNzgwNzE@._V1_UX182_CR0,0,182,268_AL_.jpg\" alt=\"\" width=\"264\" height=\"264\" \/><\/a><\/span><\/p>\n<ul>\n<li><span style=\"font-family: arial, helvetica, sans-serif\">\u00a0<span style=\"color: #0000ff\"><b>LA LA LAND<br \/>\n<\/b><\/span><\/span><\/li>\n<\/ul>\n<p><span style=\"font-family: arial, helvetica, sans-serif\"><a href=\"https:\/\/edublog.educastur.es\/unamusicadecine\/2020\/09\/24\/la-la-land-el-renacer-del-musical\/\" target=\"_blank\" rel=\"noopener noreferrer\"><img loading=\"lazy\" decoding=\"async\" class=\"alignnone\" src=\"http:\/\/pics.filmaffinity.com\/la_la_land-262021831-large.jpg\" alt=\"\" width=\"264\" height=\"264\" \/><\/a><\/span><\/p>\n<ul>\n<li><span style=\"font-family: arial, helvetica, sans-serif\"><b><span style=\"color: #0000ff\">BOHEMIAN RHAPSODY<br \/>\n<\/span><\/b><\/span><\/li>\n<\/ul>\n<p><span style=\"font-family: arial, helvetica, sans-serif\"><a href=\"https:\/\/edublog.educastur.es\/unamusicadecine\/2020\/09\/26\/bohemian-rapsody-y-otros-momentazos-a-ritmo-de-quenn\/\" target=\"_blank\" rel=\"noopener noreferrer\"><img loading=\"lazy\" decoding=\"async\" class=\"alignnone\" src=\"http:\/\/es.web.img3.acsta.net\/c_215_290\/pictures\/18\/05\/21\/12\/50\/1518397.jpg\" alt=\"\" width=\"264\" height=\"264\" \/><\/a><\/span><\/p>\n<ul>\n<li><span style=\"font-family: arial, helvetica, sans-serif\"><b><span style=\"color: #0000ff\">ROCKETMAN<\/span><\/b><\/span><\/li>\n<\/ul>\n<p><a href=\"https:\/\/edublog.educastur.es\/unamusicadecine\/2020\/09\/26\/rocketman-y-elton-john-en-estado-puro\/\"><img loading=\"lazy\" decoding=\"async\" src=\"https:\/\/media.senscritique.com\/media\/000018381201\/source_big\/Rocketman.jpg\" alt=\"\" width=\"264\" height=\"352\" \/><\/a><\/p>\n<ul>\n<li><span style=\"color: #0000ff;font-family: arial, helvetica, sans-serif\"><b>CATS<\/b><\/span><\/li>\n<\/ul>\n<p><span style=\"font-family: arial, helvetica, sans-serif\"><a href=\"https:\/\/edublog.educastur.es\/unamusicadecine\/2020\/09\/26\/cast-del-musical-a-la-pelicula\/\" target=\"_blank\" rel=\"noopener noreferrer\"><img loading=\"lazy\" decoding=\"async\" class=\"alignnone\" src=\"https:\/\/i.blogs.es\/ae3060\/cats\/450_1000.jpeg\" alt=\"\" width=\"264\" height=\"264\" \/><\/a><\/span><\/p>\n<ul>\n<li><span style=\"font-family: arial, helvetica, sans-serif\">\u00a0<span style=\"color: #0000ff\"><b>TROLLS<\/b><\/span><\/span><\/li>\n<\/ul>\n<p><span style=\"font-family: arial, helvetica, sans-serif\"><a href=\"https:\/\/edublog.educastur.es\/unamusicadecine\/2020\/09\/26\/trolls-una-banda-sonora-llena-de-color\/\" target=\"_blank\" rel=\"noopener noreferrer\"><img loading=\"lazy\" decoding=\"async\" class=\"alignnone\" src=\"https:\/\/vignette.wikia.nocookie.net\/doblaje\/images\/e\/e4\/Trolls_Logo.jpg\/revision\/latest\/top-crop\/width\/360\/height\/450?cb=20190204205607&amp;path-prefix=es\" alt=\"\" width=\"264\" height=\"264\" \/><\/a><\/span><\/p>\n<ul>\n<li><span style=\"color: #0000ff;font-family: arial, helvetica, sans-serif\"><strong>TROLLS 2<\/strong><\/span><\/li>\n<\/ul>\n<p><span style=\"font-family: arial, helvetica, sans-serif\"><a href=\"https:\/\/edublog.educastur.es\/unamusicadecine\/2020\/12\/01\/trolls-2-un-festival-de-estilos-musicales\/\"><img loading=\"lazy\" decoding=\"async\" class=\"alignnone \" src=\"https:\/\/es.web.img2.acsta.net\/pictures\/20\/01\/22\/17\/44\/3549668.jpg\" width=\"264\" height=\"353\" \/><\/a><\/span><\/p>\n<ul>\n<li><span style=\"font-family: arial, helvetica, sans-serif\"><strong><span style=\"color: #0000ff\">SING!<\/span><\/strong><\/span><\/li>\n<\/ul>\n<p><span style=\"font-family: arial, helvetica, sans-serif\"><a href=\"https:\/\/edublog.educastur.es\/unamusicadecine\/2021\/01\/12\/sing-un-musical-con-mucha-marcha-actividad-1ode-eso\/\"><img loading=\"lazy\" decoding=\"async\" class=\"alignnone size-thumbnail\" src=\"https:\/\/www.revistameta.com.ar\/wp-content\/uploads\/2017\/01\/sing_ven_y_canta_poster_latino_ar_jposters.jpg\" width=\"264\" height=\"378\" \/><\/a><\/span><\/p>\n<ul>\n<li><span style=\"font-family: arial, helvetica, sans-serif\"><strong><span style=\"color: #0000ff\">HIGH SCHOOL MUSICAL<\/span><\/strong><\/span><\/li>\n<\/ul>\n<p><span style=\"font-family: arial, helvetica, sans-serif\"><a href=\"https:\/\/edublog.educastur.es\/unamusicadecine\/2021\/02\/23\/una-trilogia-para-bailar-high-school-musical\/\"><img loading=\"lazy\" decoding=\"async\" class=\"alignnone size-thumbnail\" src=\"https:\/\/pbs.twimg.com\/media\/D10uqW_VAAAncDv.jpg\" width=\"400\" height=\"221\" \/><\/a><\/span><\/p>\n<ul>\n<li><span style=\"font-family: arial, helvetica, sans-serif;color: #0000ff\"><strong>COCO<\/strong><\/span><\/li>\n<\/ul>\n<p><span style=\"font-family: arial, helvetica, sans-serif\"><a href=\"https:\/\/edublog.educastur.es\/unamusicadecine\/2021\/03\/24\/coco-una-banda-sonora-para-recordar\/\"><img loading=\"lazy\" decoding=\"async\" class=\"\" src=\"https:\/\/noescinetodoloquereluce.com\/wp-content\/uploads\/2017\/09\/coco-9.jpg\" width=\"264\" height=\"377\" \/><\/a><\/span><\/p>\n<ul>\n<li><span style=\"font-family: arial, helvetica, sans-serif;color: #0000ff\"><strong>LOS DESCENDIENTES<\/strong><\/span><\/li>\n<\/ul>\n<p><span style=\"font-family: arial, helvetica, sans-serif\"><a href=\"https:\/\/edublog.educastur.es\/unamusicadecine\/2021\/04\/12\/los-descendientes-otro-exito-del-genial-kenny-ortega\/\"><img loading=\"lazy\" decoding=\"async\" class=\"alignnone \" src=\"https:\/\/i.pinimg.com\/236x\/7f\/e5\/a5\/7fe5a567033b614f1440e9a284ce9aeb.jpg\" width=\"264\" height=\"330\" \/><\/a><\/span><\/p>\n<ul>\n<li><span style=\"color: #0000ff;font-family: arial, helvetica, sans-serif\"><strong>VAIANA<\/strong><\/span><\/li>\n<\/ul>\n<p><span style=\"font-family: arial, helvetica, sans-serif\"><a href=\"https:\/\/edublog.educastur.es\/unamusicadecine\/2021\/05\/19\/vaiana-un-musical-oceanico\/\"><img loading=\"lazy\" decoding=\"async\" class=\"alignnone \" src=\"https:\/\/images-na.ssl-images-amazon.com\/images\/I\/51KBjZ52CnL.jpg\" width=\"264\" height=\"264\" \/><\/a><\/span><\/p>\n<ul>\n<li><span style=\"color: #0000ff;font-family: arial, helvetica, sans-serif\"><strong>ENCANTO<\/strong><\/span><\/li>\n<\/ul>\n<p><a href=\"https:\/\/edublog.educastur.es\/unamusicadecine\/2021\/12\/10\/encanto-una-banda-sonora-con-ritmos-colombianos\/\"><span style=\"font-family: arial, helvetica, sans-serif\"><img loading=\"lazy\" decoding=\"async\" class=\"\" src=\"https:\/\/images-na.ssl-images-amazon.com\/images\/I\/A1lGZsWoEtL.jpg\" alt=\"\" width=\"264\" height=\"389\" \/><\/span><\/a><\/p>\n<ul>\n<li><span style=\"font-family: arial, helvetica, sans-serif\"><strong><span style=\"color: #0000ff\">SING! 2<\/span><\/strong><\/span><\/li>\n<\/ul>\n<p><span style=\"font-family: arial, helvetica, sans-serif\"><a href=\"https:\/\/edublog.educastur.es\/unamusicadecine\/2022\/01\/11\/sing-2-y-otros-momentazos-a-ritmo-de-u2\/\"><img loading=\"lazy\" decoding=\"async\" class=\"\" src=\"https:\/\/es.web.img2.acsta.net\/pictures\/21\/11\/08\/11\/02\/2660783.jpg\" alt=\"\" width=\"263\" height=\"329\" \/><\/a><\/span><\/p>\n<ul>\n<li><strong><span style=\"font-family: arial, helvetica, sans-serif;color: #0000ff\">EXPLOTA, EXPLOTA<\/span><\/strong><\/li>\n<\/ul>\n<p><a href=\"https:\/\/edublog.educastur.es\/unamusicadecine\/2022\/01\/25\/explota-explota-una-banda-sonora-para-recordar-a-raffaella-carra\/\"><img loading=\"lazy\" decoding=\"async\" class=\"\" src=\"https:\/\/images.clarin.com\/2020\/06\/23\/el-afiche-de-explota-explota___UUPWF3_Ap_720x0__1.jpg\" alt=\"\" width=\"262\" height=\"374\" \/><\/a><\/p>\n<ul>\n<li><span style=\"color: #0000ff\"><strong><span style=\"font-family: arial, helvetica, sans-serif\">WEST SIDE STORY<\/span><\/strong><\/span><\/li>\n<\/ul>\n<p><a href=\"https:\/\/edublog.educastur.es\/unamusicadecine\/2022\/06\/08\/west-side-story-el-remake-de-un-musical-mitico\/\"><img loading=\"lazy\" decoding=\"async\" class=\"\" src=\"https:\/\/pics.filmaffinity.com\/West_Side_Story-688143571-large.jpg\" alt=\"\" width=\"260\" height=\"384\" \/><\/a><\/p>\n<ul>\n<li><span style=\"color: #0000ff\"><strong><span style=\"font-family: arial, helvetica, sans-serif\">VOY A PAS\u00c1RMELO BIEN<\/span><\/strong><\/span><\/li>\n<\/ul>\n<p><a href=\"https:\/\/edublog.educastur.es\/unamusicadecine\/2022\/11\/18\/voy-a-pasarmelo-bien-el-musical-de-los-hombres-g\/\"><img loading=\"lazy\" decoding=\"async\" src=\"https:\/\/hips.hearstapps.com\/hmg-prod.s3.amazonaws.com\/images\/voy-a-pasarmelo-bien-poster-fotogramas-copia-1659084552.jpg?resize=480:*\" alt=\"\" width=\"260\" height=\"386\" \/><\/a><\/p>\n<p style=\"text-align: center\"><span style=\"font-family: arial, helvetica, sans-serif\"><strong><span style=\"color: #ff0000\">ACTIVIDAD BLOG. 1\u00ba ESO <img loading=\"lazy\" decoding=\"async\" class=\"alignnone size-thumbnail wp-image-8224\" src=\"http:\/\/edublog.educastur.es\/unamusicadecine\/files\/2023\/12\/D4ADBE8B-56BF-4B9F-AF53-59B44CB25317-150x150.png\" alt=\"\" width=\"150\" height=\"150\" srcset=\"https:\/\/edublog.educastur.es\/unamusicadecine\/files\/2023\/12\/D4ADBE8B-56BF-4B9F-AF53-59B44CB25317-150x150.png 150w, https:\/\/edublog.educastur.es\/unamusicadecine\/files\/2023\/12\/D4ADBE8B-56BF-4B9F-AF53-59B44CB25317-300x300.png 300w, https:\/\/edublog.educastur.es\/unamusicadecine\/files\/2023\/12\/D4ADBE8B-56BF-4B9F-AF53-59B44CB25317-85x85.png 85w, https:\/\/edublog.educastur.es\/unamusicadecine\/files\/2023\/12\/D4ADBE8B-56BF-4B9F-AF53-59B44CB25317.png 398w\" sizes=\"auto, (max-width: 150px) 100vw, 150px\" \/><\/span><br \/>\n<\/strong><\/span><\/p>\n<ul style=\"list-style-type: square\">\n<li style=\"text-align: justify\"><span style=\"font-family: arial, helvetica, sans-serif\"><strong>Elige uno de los musicales de la p\u00e1gina y contesta a estas preguntas:<\/strong><\/span><\/li>\n<\/ul>\n<ol>\n<li><span style=\"font-family: arial, helvetica, sans-serif\"><strong>Completa los siguientes datos sobre el musical que has elegido, puedes <a href=\"https:\/\/www.filmaffinity.com\/es\/main.html\">pinchar aqu\u00ed<\/a>:<\/strong><\/span><\/li>\n<\/ol>\n<ul>\n<li style=\"list-style-type: none\">\n<ul>\n<li style=\"list-style-type: none\">\n<ul style=\"list-style-type: disc\">\n<li><span style=\"font-family: arial, helvetica, sans-serif\"><strong>Director<\/strong><\/span><\/li>\n<li><span style=\"font-family: arial, helvetica, sans-serif\"><strong>Autor de la banda sonora<\/strong><\/span><\/li>\n<li><span style=\"font-family: arial, helvetica, sans-serif\"><strong>Argumento del musical<\/strong><\/span><\/li>\n<li><span style=\"font-family: arial, helvetica, sans-serif\"><strong>Premios (Si los tiene)<\/strong><\/span><\/li>\n<\/ul>\n<\/li>\n<\/ul>\n<\/li>\n<\/ul>\n<p style=\"padding-left: 40px;text-align: justify\"><span style=\"font-family: arial, helvetica, sans-serif\"><strong>2. Visiona los v\u00eddeos que aparecen en el post, comenta cada uno de los n\u00fameros musicales y cubre los siguientes datos de cada n\u00famero:<\/strong><\/span><\/p>\n<ul>\n<li style=\"list-style-type: none\">\n<ul style=\"list-style-type: disc\">\n<li><strong><span style=\"font-family: arial, helvetica, sans-serif\">T\u00edtulo de la canci\u00f3n<\/span><\/strong><\/li>\n<li><strong><span style=\"font-family: arial, helvetica, sans-serif\">Autor\/Int\u00e9rprete<\/span><\/strong><\/li>\n<li><strong><span style=\"font-family: arial, helvetica, sans-serif\">Descripci\u00f3n de la escena.<\/span><\/strong><\/li>\n<li style=\"text-align: justify\"><span style=\"font-family: arial, helvetica, sans-serif\"><strong>Estilo de m\u00fasica (cl\u00e1sica, moderna)<\/strong><\/span><\/li>\n<li style=\"text-align: justify\"><strong><span style=\"font-family: arial, helvetica, sans-serif\">Tipo de baile (individual, grupo, pareja, coreograf\u00edas,&#8230;)<\/span><\/strong><\/li>\n<li style=\"text-align: justify\"><strong><span style=\"font-family: arial, helvetica, sans-serif\">M\u00fasica vocal\/instrumental<\/span><\/strong><\/li>\n<li style=\"text-align: justify\"><strong><span style=\"font-family: arial, helvetica, sans-serif\">Tema de la canci\u00f3n (si tiene letra)<\/span><\/strong><\/li>\n<li><span style=\"font-family: arial, helvetica, sans-serif\"><strong>Sentimientos que te transmite<\/strong><\/span><\/li>\n<\/ul>\n<\/li>\n<\/ul>\n<p style=\"padding-left: 40px\"><span style=\"font-family: arial, helvetica, sans-serif\"><strong>3. Explica por qu\u00e9 has elegido ese\u00a0 musical.<\/strong><\/span><span style=\"font-family: arial, helvetica, sans-serif\"><strong><br \/>\n<\/strong><\/span><\/p>\n<p style=\"padding-left: 40px;text-align: justify\"><span style=\"font-family: arial, helvetica, sans-serif\"><strong>4.\u00bfQu\u00e9 te ha aportado hacer esta actividad? <span style=\"text-decoration: underline\">Debes contestar a la pregunta en el blog, si el comentario es correcto ser\u00e1 publicado.<\/span><\/strong><\/span><\/p>\n<p style=\"text-align: justify\"><span style=\"font-family: arial, helvetica, sans-serif\"><strong><span style=\"background-color: #ffff00\">Trabajo Opcional:<\/span> Realiza un mural sobre el musical que has elegido. Los mejores ser\u00e1n colgados en clase en \u00abNuestro rinc\u00f3n musical de cine\u00bb, y adem\u00e1s contar\u00e1n positivamente en la evaluaci\u00f3n.<\/strong><\/span><\/p>\n<p><img loading=\"lazy\" decoding=\"async\" class=\"alignnone size-thumbnail wp-image-8274\" src=\"http:\/\/edublog.educastur.es\/unamusicadecine\/files\/2024\/01\/Nos-vemos-en-el-blog-150x150.jpeg\" alt=\"\" width=\"150\" height=\"150\" srcset=\"https:\/\/edublog.educastur.es\/unamusicadecine\/files\/2024\/01\/Nos-vemos-en-el-blog-150x150.jpeg 150w, https:\/\/edublog.educastur.es\/unamusicadecine\/files\/2024\/01\/Nos-vemos-en-el-blog-85x85.jpeg 85w\" sizes=\"auto, (max-width: 150px) 100vw, 150px\" \/><\/p>\n","protected":false},"excerpt":{"rendered":"<p>En este post del blog van a aparecer diferentes pel\u00edculas musicales seg\u00fan mis preferencias y tambi\u00e9n las de los alumnos. Sin duda, el cine musical es un g\u00e9nero que no deja indiferente a nadie. Me gustar\u00eda acercar un poco m\u00e1s a todos, al apasionante mundo de los musicales. Pinchad\u00a0en los distintos carteles de las pel\u00edculas [&hellip;]<\/p>\n","protected":false},"author":334,"featured_media":0,"parent":0,"menu_order":0,"comment_status":"open","ping_status":"open","template":"","meta":{"footnotes":""},"class_list":["post-65","page","type-page","status-publish","hentry"],"_links":{"self":[{"href":"https:\/\/edublog.educastur.es\/unamusicadecine\/wp-json\/wp\/v2\/pages\/65","targetHints":{"allow":["GET"]}}],"collection":[{"href":"https:\/\/edublog.educastur.es\/unamusicadecine\/wp-json\/wp\/v2\/pages"}],"about":[{"href":"https:\/\/edublog.educastur.es\/unamusicadecine\/wp-json\/wp\/v2\/types\/page"}],"author":[{"embeddable":true,"href":"https:\/\/edublog.educastur.es\/unamusicadecine\/wp-json\/wp\/v2\/users\/334"}],"replies":[{"embeddable":true,"href":"https:\/\/edublog.educastur.es\/unamusicadecine\/wp-json\/wp\/v2\/comments?post=65"}],"version-history":[{"count":65,"href":"https:\/\/edublog.educastur.es\/unamusicadecine\/wp-json\/wp\/v2\/pages\/65\/revisions"}],"predecessor-version":[{"id":9225,"href":"https:\/\/edublog.educastur.es\/unamusicadecine\/wp-json\/wp\/v2\/pages\/65\/revisions\/9225"}],"wp:attachment":[{"href":"https:\/\/edublog.educastur.es\/unamusicadecine\/wp-json\/wp\/v2\/media?parent=65"}],"curies":[{"name":"wp","href":"https:\/\/api.w.org\/{rel}","templated":true}]}}