{"id":70,"date":"2020-09-08T12:53:39","date_gmt":"2020-09-08T12:53:39","guid":{"rendered":"https:\/\/edublog.educastur.es\/unamusicadecine\/?page_id=70"},"modified":"2025-08-04T19:45:19","modified_gmt":"2025-08-04T17:45:19","slug":"grabaciones","status":"publish","type":"page","link":"https:\/\/edublog.educastur.es\/unamusicadecine\/grabaciones\/","title":{"rendered":"GRABACIONES"},"content":{"rendered":"<p><img loading=\"lazy\" decoding=\"async\" class=\"aligncenter\" src=\"https:\/\/th.bing.com\/th\/id\/R.d32553885e7753c9c6d674934ffab617?rik=C41J0w1c26Tt0A&amp;riu=http%3a%2f%2fvignette3.wikia.nocookie.net%2fsimpsons%2fimages%2fc%2fc0%2fBand.jpg%2frevision%2flatest%3fcb%3d20130512134229&amp;ehk=Fn13eM4ssw%2bNELvC0kLQUy0fUYtry%2fs8ZoNKHUps7Gw%3d&amp;risl=&amp;pid=ImgRaw&amp;r=0\" alt=\"\" width=\"512\" height=\"384\" \/><\/p>\n<p style=\"text-align: justify\"><span style=\"font-family: arial, helvetica, sans-serif\">Desde el curso 2012-13 muchas han sido las grabaciones de las interpretaciones musicales de mis alumn@s.<\/span><\/p>\n<p style=\"text-align: justify\"><span style=\"font-family: arial, helvetica, sans-serif\"><img loading=\"lazy\" decoding=\"async\" class=\"n3VNCb alignleft\" src=\"https:\/\/i.pinimg.com\/474x\/ef\/36\/a7\/ef36a74fa22ac3727af493350817a377.jpg\" alt=\"Y ESTOS SON ALGUNOS DE LOS MUCHOS GENEROS DE MUSICA QUE HAY. | Generos musicales, Sentimientos, Musica\" width=\"353\" height=\"173\" data-noaft=\"1\" \/>El repertorio ha sido muy variado (bandas sonoras, cl\u00e1sica, popular &#8230;).<\/span><\/p>\n<p style=\"text-align: justify\"><span style=\"font-family: arial, helvetica, sans-serif\">Tambi\u00e9n la instrumentaci\u00f3n ha sido muy diversa, desde la flauta dulce,<\/span><\/p>\n<p style=\"text-align: justify\"><span style=\"font-family: arial, helvetica, sans-serif\"> <img loading=\"lazy\" decoding=\"async\" class=\"n3VNCb alignleft\" src=\"https:\/\/3.bp.blogspot.com\/-iu0-5mJXTHs\/UUXp0la-QJI\/AAAAAAAAAZM\/bT5xhlxMApc\/s1600\/flauta-dulce.jpg\" alt=\"Est\u00edmulos Musicales....: Notas f\u00e1ciles de canciones para flauta dulce soprano\" width=\"106\" height=\"106\" data-noaft=\"1\" \/> <\/span><span style=\"font-family: arial, helvetica, sans-serif\">hasta la percusi\u00f3n, ritmos corporales, coreograf\u00edas\u00a0<\/span><\/p>\n<p><span style=\"font-family: arial, helvetica, sans-serif\"><img loading=\"lazy\" decoding=\"async\" class=\"alignright\" src=\"https:\/\/png.pngtree.com\/png-vector\/20191118\/ourmid\/pngtree-colorful-xylophone-toy-and-sticks-icon-isolated-png-image_1997973.jpg\" alt=\"https:\/\/png.pngtree.com\/png-vector\/20191118\/ourmid\/pngtree-colorful-xylophone-toy-and-sticks-icon-isolated-png-image_1997973.jpg\" width=\"101\" height=\"101\" \/><\/span><img loading=\"lazy\" decoding=\"async\" class=\"\" src=\"https:\/\/th.bing.com\/th\/id\/OIP.TvRGtzln2d7jfYNVMFi1LwAAAA?rs=1&amp;pid=ImgDetMain\" alt=\"\" width=\"163\" height=\"122\" \/>\u00a0<img loading=\"lazy\" decoding=\"async\" class=\"\" src=\"https:\/\/i.pinimg.com\/originals\/81\/35\/cd\/8135cdcaa43bee9cffc78653f119e58d.png\" alt=\"\" width=\"123\" height=\"123\" \/><\/p>\n<p style=\"text-align: justify\"><span style=\"font-family: arial, helvetica, sans-serif\">o cualquier otro instrumento que toquen l@s alumn@s.<\/span><\/p>\n<p style=\"text-align: justify\"><span style=\"font-family: arial, helvetica, sans-serif\">\u00a0 <img loading=\"lazy\" decoding=\"async\" class=\"n3VNCb alignleft\" src=\"https:\/\/www.actualidadiphone.com\/wp-content\/uploads\/2018\/04\/iMovie-830x400.jpg\" alt=\"iMovie se actualiza a\u00f1adiendo el efecto de pantalla verde\" width=\"205\" height=\"99\" data-noaft=\"1\" \/>Los v\u00eddeos han sido editados con el editor de v\u00eddeo <em>iMovie<\/em>.<\/span><\/p>\n<p style=\"text-align: justify\"><span style=\"font-family: arial, helvetica, sans-serif\">\u00a0<\/span><\/p>\n<p style=\"text-align: justify\"><span style=\"font-family: arial, helvetica, sans-serif\">As\u00ed que en esta ocasi\u00f3n os dir\u00e9 &#8230;. <strong>pincha en la imagen<\/strong> <strong>inferior<\/strong> y &#8230;.nos vemos en nuestro <strong>canal de youtube<\/strong>.<\/span><\/p>\n<p><a href=\"https:\/\/www.youtube.com\/channel\/UCgt4-NnR0VmaJgrOM4UiQRA?view_as=subscriber\"><img loading=\"lazy\" decoding=\"async\" src=\"https:\/\/yt3.googleusercontent.com\/WRtzYZFNy4fCrsxw5Tc7jzAyXYSZgDWHc8vJYaiW7BcD0rgee1vtXsZ43bM-zxTAQuOlgOx7XA=w1707-fcrop64=1,00005a57ffffa5a8-k-c0xffffffff-no-nd-rj\" alt=\"\" width=\"3636\" height=\"600\" \/><\/a><\/p>\n<p style=\"text-align: justify\">\n<p><img loading=\"lazy\" decoding=\"async\" class=\"alignnone wp-image-8206\" src=\"http:\/\/edublog.educastur.es\/unamusicadecine\/files\/2023\/10\/D9999084-9E9F-4FFD-8A56-97AB3FA67162-150x150.png\" alt=\"\" width=\"220\" height=\"220\" srcset=\"https:\/\/edublog.educastur.es\/unamusicadecine\/files\/2023\/10\/D9999084-9E9F-4FFD-8A56-97AB3FA67162-150x150.png 150w, https:\/\/edublog.educastur.es\/unamusicadecine\/files\/2023\/10\/D9999084-9E9F-4FFD-8A56-97AB3FA67162-300x300.png 300w, https:\/\/edublog.educastur.es\/unamusicadecine\/files\/2023\/10\/D9999084-9E9F-4FFD-8A56-97AB3FA67162-85x85.png 85w, https:\/\/edublog.educastur.es\/unamusicadecine\/files\/2023\/10\/D9999084-9E9F-4FFD-8A56-97AB3FA67162.png 398w\" sizes=\"auto, (max-width: 220px) 100vw, 220px\" \/><\/p>\n<p>&nbsp;<\/p>\n<p>&nbsp;<\/p>\n","protected":false},"excerpt":{"rendered":"<p>Desde el curso 2012-13 muchas han sido las grabaciones de las interpretaciones musicales de mis alumn@s. El repertorio ha sido muy variado (bandas sonoras, cl\u00e1sica, popular &#8230;). Tambi\u00e9n la instrumentaci\u00f3n ha sido muy diversa, desde la flauta dulce, hasta la percusi\u00f3n, ritmos corporales, coreograf\u00edas\u00a0 \u00a0 o cualquier otro instrumento que toquen l@s alumn@s. \u00a0 Los [&hellip;]<\/p>\n","protected":false},"author":334,"featured_media":0,"parent":0,"menu_order":0,"comment_status":"open","ping_status":"open","template":"","meta":{"footnotes":""},"class_list":["post-70","page","type-page","status-publish","hentry"],"_links":{"self":[{"href":"https:\/\/edublog.educastur.es\/unamusicadecine\/wp-json\/wp\/v2\/pages\/70","targetHints":{"allow":["GET"]}}],"collection":[{"href":"https:\/\/edublog.educastur.es\/unamusicadecine\/wp-json\/wp\/v2\/pages"}],"about":[{"href":"https:\/\/edublog.educastur.es\/unamusicadecine\/wp-json\/wp\/v2\/types\/page"}],"author":[{"embeddable":true,"href":"https:\/\/edublog.educastur.es\/unamusicadecine\/wp-json\/wp\/v2\/users\/334"}],"replies":[{"embeddable":true,"href":"https:\/\/edublog.educastur.es\/unamusicadecine\/wp-json\/wp\/v2\/comments?post=70"}],"version-history":[{"count":39,"href":"https:\/\/edublog.educastur.es\/unamusicadecine\/wp-json\/wp\/v2\/pages\/70\/revisions"}],"predecessor-version":[{"id":8990,"href":"https:\/\/edublog.educastur.es\/unamusicadecine\/wp-json\/wp\/v2\/pages\/70\/revisions\/8990"}],"wp:attachment":[{"href":"https:\/\/edublog.educastur.es\/unamusicadecine\/wp-json\/wp\/v2\/media?parent=70"}],"curies":[{"name":"wp","href":"https:\/\/api.w.org\/{rel}","templated":true}]}}