{"id":155,"date":"2021-01-31T18:29:20","date_gmt":"2021-01-31T16:29:20","guid":{"rendered":"https:\/\/edublog.educastur.es\/unrincondeinfantil\/?page_id=155"},"modified":"2021-02-06T12:02:19","modified_gmt":"2021-02-06T10:02:19","slug":"recursos","status":"publish","type":"page","link":"https:\/\/edublog.educastur.es\/unrincondeinfantil\/recursos\/","title":{"rendered":"RECURSOS"},"content":{"rendered":"<p>A trav\u00e9s de esta p\u00e1gina podr\u00e9is acceder a los diferentes recursos que vamos incorporando a las entradas, ya sean v\u00eddeos, presentaciones de Genially, u otros.<\/p>\n<p>&nbsp;<\/p>\n","protected":false},"excerpt":{"rendered":"<p>A trav\u00e9s de esta p\u00e1gina podr\u00e9is acceder a los diferentes recursos que vamos incorporando a las entradas, ya sean v\u00eddeos, presentaciones de Genially, u otros. &nbsp;<\/p>\n","protected":false},"author":562,"featured_media":0,"parent":0,"menu_order":0,"comment_status":"closed","ping_status":"closed","template":"","meta":{"footnotes":""},"class_list":["post-155","page","type-page","status-publish","hentry","post-preview"],"_links":{"self":[{"href":"https:\/\/edublog.educastur.es\/unrincondeinfantil\/wp-json\/wp\/v2\/pages\/155","targetHints":{"allow":["GET"]}}],"collection":[{"href":"https:\/\/edublog.educastur.es\/unrincondeinfantil\/wp-json\/wp\/v2\/pages"}],"about":[{"href":"https:\/\/edublog.educastur.es\/unrincondeinfantil\/wp-json\/wp\/v2\/types\/page"}],"author":[{"embeddable":true,"href":"https:\/\/edublog.educastur.es\/unrincondeinfantil\/wp-json\/wp\/v2\/users\/562"}],"replies":[{"embeddable":true,"href":"https:\/\/edublog.educastur.es\/unrincondeinfantil\/wp-json\/wp\/v2\/comments?post=155"}],"version-history":[{"count":3,"href":"https:\/\/edublog.educastur.es\/unrincondeinfantil\/wp-json\/wp\/v2\/pages\/155\/revisions"}],"predecessor-version":[{"id":202,"href":"https:\/\/edublog.educastur.es\/unrincondeinfantil\/wp-json\/wp\/v2\/pages\/155\/revisions\/202"}],"wp:attachment":[{"href":"https:\/\/edublog.educastur.es\/unrincondeinfantil\/wp-json\/wp\/v2\/media?parent=155"}],"curies":[{"name":"wp","href":"https:\/\/api.w.org\/{rel}","templated":true}]}}