{"id":17,"date":"2021-01-20T01:29:23","date_gmt":"2021-01-19T23:29:23","guid":{"rendered":"https:\/\/edublog.educastur.es\/vasijadepandora\/?page_id=17"},"modified":"2024-02-26T20:26:52","modified_gmt":"2024-02-26T18:26:52","slug":"acerca-de","status":"publish","type":"page","link":"https:\/\/edublog.educastur.es\/vasijadepandora\/acerca-de\/","title":{"rendered":"Acerca de"},"content":{"rendered":"<p style=\"text-align: center\"><span style=\"color: #333333;font-family: 'trebuchet ms', geneva, sans-serif\"><span style=\"font-size: 16px\">Bienvenido a mi blog. Soy profesora de Lat\u00edn, Griego y Cultura Cl\u00e1sica en Asturias. En La vasija de Pandora intentaremos tratar contenidos interesantes y curiosos de la Antig\u00fcedad cl\u00e1sica que a menudo no pueden verse en clase por falta de tiempo.<\/span><\/span><\/p>\n<p style=\"text-align: center\">\n<p>&nbsp;<\/p>\n","protected":false},"excerpt":{"rendered":"<p>Bienvenido a mi blog. Soy profesora de Lat\u00edn, Griego y Cultura Cl\u00e1sica en Asturias. En La vasija de Pandora intentaremos tratar contenidos interesantes y curiosos de la Antig\u00fcedad cl\u00e1sica que a menudo no pueden verse en clase por falta de&#8230; <a class=\"more-link\" href=\"https:\/\/edublog.educastur.es\/vasijadepandora\/acerca-de\/\">Seguir leyendo &rarr;<\/a><\/p>\n","protected":false},"author":764,"featured_media":0,"parent":0,"menu_order":0,"comment_status":"closed","ping_status":"closed","template":"","meta":{"footnotes":""},"class_list":["post-17","page","type-page","status-publish","hentry"],"_links":{"self":[{"href":"https:\/\/edublog.educastur.es\/vasijadepandora\/wp-json\/wp\/v2\/pages\/17","targetHints":{"allow":["GET"]}}],"collection":[{"href":"https:\/\/edublog.educastur.es\/vasijadepandora\/wp-json\/wp\/v2\/pages"}],"about":[{"href":"https:\/\/edublog.educastur.es\/vasijadepandora\/wp-json\/wp\/v2\/types\/page"}],"author":[{"embeddable":true,"href":"https:\/\/edublog.educastur.es\/vasijadepandora\/wp-json\/wp\/v2\/users\/764"}],"replies":[{"embeddable":true,"href":"https:\/\/edublog.educastur.es\/vasijadepandora\/wp-json\/wp\/v2\/comments?post=17"}],"version-history":[{"count":4,"href":"https:\/\/edublog.educastur.es\/vasijadepandora\/wp-json\/wp\/v2\/pages\/17\/revisions"}],"predecessor-version":[{"id":188,"href":"https:\/\/edublog.educastur.es\/vasijadepandora\/wp-json\/wp\/v2\/pages\/17\/revisions\/188"}],"wp:attachment":[{"href":"https:\/\/edublog.educastur.es\/vasijadepandora\/wp-json\/wp\/v2\/media?parent=17"}],"curies":[{"name":"wp","href":"https:\/\/api.w.org\/{rel}","templated":true}]}}